{"id":319,"date":"2024-02-28T19:05:30","date_gmt":"2024-02-28T18:05:30","guid":{"rendered":"https:\/\/dreamonmed.com\/?page_id=319"},"modified":"2024-10-25T22:16:45","modified_gmt":"2024-10-25T20:16:45","slug":"dr-bendes-zoltan-facharzt-fuer-anaesthesie-und-intensivmedizin","status":"publish","type":"page","link":"https:\/\/dreamonmed.com\/de\/team\/dr-bendes-zoltan-facharzt-fuer-anaesthesie-und-intensivmedizin\/","title":{"rendered":"Dr. Bendes Zolt\u00e1n"},"content":{"rendered":"\n<p><\/p>\n\n\n\n<div class=\"wp-block-stackable-columns stk-block-columns stk--hide-tablet stk--hide-mobile stk-block stk-f6b3205\" data-block-id=\"f6b3205\"><div class=\"stk-row stk-inner-blocks stk-block-content stk-content-align stk-f6b3205-column\">\n<div class=\"wp-block-stackable-column stk-block-column stk-column stk-block stk-77d5049\" data-v=\"4\" data-block-id=\"77d5049\"><div class=\"stk-column-wrapper stk-block-column__content stk-container stk-77d5049-container stk--no-background stk--no-padding\"><div class=\"stk-block-content stk-inner-blocks stk-77d5049-inner-blocks\">\n<div class=\"wp-block-stackable-image stk-block-image stk-block stk-aeefffe\" data-block-id=\"aeefffe\"><style>.stk-aeefffe .stk-img-wrapper{width:100% !important;height:580px !important;}.stk-aeefffe .stk-img-wrapper img{border-radius:20px !important;object-position:47% 27% !important;}<\/style><figure><span class=\"stk-img-wrapper stk-image--shape-stretch\"><img fetchpriority=\"high\" decoding=\"async\" class=\"stk-img wp-image-665\" src=\"https:\/\/dreamonmed.com\/wp-content\/uploads\/2024\/03\/dr-bendes-zoltan-aneszteziologus-szakorvos-featured.jpg\" width=\"1365\" height=\"910\" alt=\"Dr. Bendes Zolt\u00e1n Facharzt f\u00fcr An\u00e4sthesie und Intensivmedizin\" srcset=\"https:\/\/dreamonmed.com\/wp-content\/uploads\/2024\/03\/dr-bendes-zoltan-aneszteziologus-szakorvos-featured.jpg 1365w, https:\/\/dreamonmed.com\/wp-content\/uploads\/2024\/03\/dr-bendes-zoltan-aneszteziologus-szakorvos-featured-300x200.jpg 300w, https:\/\/dreamonmed.com\/wp-content\/uploads\/2024\/03\/dr-bendes-zoltan-aneszteziologus-szakorvos-featured-1024x683.jpg 1024w, https:\/\/dreamonmed.com\/wp-content\/uploads\/2024\/03\/dr-bendes-zoltan-aneszteziologus-szakorvos-featured-768x512.jpg 768w\" sizes=\"(max-width: 1365px) 100vw, 1365px\" \/><\/span><\/figure><\/div>\n<\/div><\/div><\/div>\n\n\n\n<div class=\"wp-block-stackable-column stk-block-column stk-column stk-block stk-c52b172\" data-v=\"4\" data-block-id=\"c52b172\"><div class=\"stk-column-wrapper stk-block-column__content stk-container stk-c52b172-container stk--no-background stk--no-padding\"><div class=\"stk-block-content stk-inner-blocks stk-c52b172-inner-blocks\">\n<div class=\"wp-block-stackable-heading stk-block-heading stk-block-heading--v2 stk-block stk-028b0e8\" id=\"facharzt-fur-anasthesie-und-intensivmedizin\" data-block-id=\"028b0e8\"><style>.stk-028b0e8 .stk-block-heading__text{font-size:25px !important;}@media screen and (max-width:999px){.stk-028b0e8 .stk-block-heading__text{font-size:25px !important;}}@media screen and (max-width:689px){.stk-028b0e8 .stk-block-heading__text{font-size:22px !important;}}<\/style><h2 class=\"stk-block-heading__text\">Facharzt f\u00fcr An\u00e4sthesie und Intensivmedizin<\/h2><\/div>\n\n\n\n<div class=\"wp-block-stackable-text stk-block-text stk-block stk-d92f314\" data-block-id=\"d92f314\"><p class=\"stk-block-text__text\">Ich bin Dr. Zolt\u00e1n Bendes, Facharzt f\u00fcr An\u00e4sthesie und Intensivmedizin, ich wurde am 22.02.1987 in Sopron geboren.<\/p><\/div>\n\n\n\n<p>Ein Gro\u00dfteil meiner Familie ist im Gesundheitswesen t\u00e4tig, so dass ich schon fr\u00fch einen Einblick in die Welt des Gesundheitswesens bekam.<\/p>\n\n\n\n<p>Nach dem Abitur wurde ich an der Semmelweis-Universit\u00e4t aufgenommen, wo ich ab dem zweiten Jahr kontinuierlich studierte.<\/p>\n\n\n\n<p>Ich forschte am Institut f\u00fcr Biowissenschaften, an der Klinik f\u00fcr An\u00e4sthesie und Intensivtherapie und anschlie\u00dfend an der II.<\/p>\n\n\n\n<p>Abteilung f\u00fcr Geburtshilfe und Gyn\u00e4kologie.<\/p>\n\n\n\n<p>Seit 2012 arbeite ich in der Zentralen An\u00e4sthesie- und Intensivstation des Medizinischen Zentrums Sopron, wo ich seit mehr als 10.000<\/p>\n\n\n\n<p>An\u00e4sthesien ohne Komplikationen und mit hoher Patientenzufriedenheit durchgef\u00fchrt habe.<\/p>\n<\/div><\/div><\/div>\n<\/div><\/div>\n\n\n\n<div class=\"wp-block-stackable-columns stk-block-columns stk--hide-desktop stk-block stk-7766453\" data-block-id=\"7766453\"><div class=\"stk-row stk-inner-blocks stk-block-content stk-content-align stk-7766453-column\">\n<div class=\"wp-block-stackable-column stk-block-column stk-column stk-block stk-f93d2ef\" data-v=\"4\" data-block-id=\"f93d2ef\"><div class=\"stk-column-wrapper stk-block-column__content stk-container stk-f93d2ef-container stk--no-background stk--no-padding\"><div class=\"stk-block-content stk-inner-blocks stk-f93d2ef-inner-blocks\">\n<div class=\"wp-block-stackable-image stk-block-image stk-block stk-a4fb7bf\" data-block-id=\"a4fb7bf\"><style>.stk-a4fb7bf .stk-img-wrapper img{border-radius:20px !important;object-position:45% 27% !important;}<\/style><figure><span class=\"stk-img-wrapper stk-image--shape-stretch\"><img decoding=\"async\" class=\"stk-img wp-image-270\" src=\"https:\/\/dreamonmed.com\/wp-content\/uploads\/2024\/02\/dr-bendes-zoltan-facharzt-fur-anasthesie-intensivmedizin.jpg\" width=\"450\" height=\"675\" alt=\"Dr. Bendes Zolt\u00e1n Facharzt f\u00fcr An\u00e4sthesie und Intensivmedizin\" srcset=\"https:\/\/dreamonmed.com\/wp-content\/uploads\/2024\/02\/dr-bendes-zoltan-facharzt-fur-anasthesie-intensivmedizin.jpg 450w, https:\/\/dreamonmed.com\/wp-content\/uploads\/2024\/02\/dr-bendes-zoltan-facharzt-fur-anasthesie-intensivmedizin-200x300.jpg 200w\" sizes=\"(max-width: 450px) 100vw, 450px\" \/><\/span><\/figure><\/div>\n<\/div><\/div><\/div>\n\n\n\n<div class=\"wp-block-stackable-column stk-block-column stk-column stk-block stk-8543836\" data-v=\"4\" data-block-id=\"8543836\"><div class=\"stk-column-wrapper stk-block-column__content stk-container stk-8543836-container stk--no-background stk--no-padding\"><div class=\"stk-block-content stk-inner-blocks stk-8543836-inner-blocks\">\n<div class=\"wp-block-stackable-heading stk-block-heading stk-block-heading--v2 stk-block stk-74717d5\" id=\"facharzt-fur-anasthesie-und-intensivmedizin\" data-block-id=\"74717d5\"><style>.stk-74717d5 .stk-block-heading__text{font-size:25px !important;}@media screen and (max-width:999px){.stk-74717d5 .stk-block-heading__text{font-size:25px !important;}}@media screen and (max-width:689px){.stk-74717d5 .stk-block-heading__text{font-size:22px !important;}}<\/style><h2 class=\"stk-block-heading__text\">Facharzt f\u00fcr An\u00e4sthesie und Intensivmedizin<\/h2><\/div>\n\n\n\n<div class=\"wp-block-stackable-text stk-block-text stk-block stk-c95abf8\" data-block-id=\"c95abf8\"><p class=\"stk-block-text__text\">Ich bin Dr. Zolt\u00e1n Bendes, Facharzt f\u00fcr An\u00e4sthesie und Intensivmedizin, ich wurde am 22.02.1987 in Sopron geboren.<\/p><\/div>\n\n\n\n<p>Ein Gro\u00dfteil meiner Familie ist im Gesundheitswesen t\u00e4tig, so dass ich schon fr\u00fch einen Einblick in die Welt des Gesundheitswesens bekam.<\/p>\n\n\n\n<p>Nach dem Abitur wurde ich an der Semmelweis-Universit\u00e4t aufgenommen, wo ich ab dem zweiten Jahr kontinuierlich studierte.<\/p>\n\n\n\n<p>Ich forschte am Institut f\u00fcr Biowissenschaften, an der Klinik f\u00fcr An\u00e4sthesie und Intensivtherapie und anschlie\u00dfend an der II.<\/p>\n\n\n\n<p>Abteilung f\u00fcr Geburtshilfe und Gyn\u00e4kologie.<\/p>\n\n\n\n<p>Seit 2012 arbeite ich in der Zentralen An\u00e4sthesie- und Intensivstation des Medizinischen Zentrums Sopron, wo ich seit mehr als 10.000<\/p>\n\n\n\n<p>An\u00e4sthesien ohne Komplikationen und mit hoher Patientenzufriedenheit durchgef\u00fchrt habe.<\/p>\n<\/div><\/div><\/div>\n<\/div><\/div>\n\n\n\n<h2 class=\"wp-block-heading\">Studium<\/h2>\n\n\n\n<p>2018 The European Diploma in Anaesthesiology and Intensive Care examination (EDAIC)<br>2012 -2018 Facharzt f\u00fcr An\u00e4sthesiologie und Intensivpflege<br>2006-2012 Allgemeinmedizin- summa cum laude Semmelweis Universit\u00e4t-Budapest<\/p>\n\n\n\n<h2 class=\"wp-block-heading\">Fachliche Erfahrungen<\/h2>\n\n\n\n<p>2012-heute: Arbeit in der Abteilung f\u00fcr zentrale An\u00e4sthesie und Intensivtherapie&nbsp; im Krankenhaus Sopron<br>2013: Arbeit in der Notaufnahme&nbsp; im Krankenhaus Sopron<br>2014-2015: Erfahrung in der p\u00e4diatrischen Intensivpflege und An\u00e4sthesie Gy\u0151r Petz Alad\u00e1r Lehrkrankenhaus<br>2015: An\u00e4sthesie in der Kopf-, Hals- und Kieferchirurgie Lehrkrankenhaus Petz Alad\u00e1r Gy\u0151r<br>2016: An\u00e4sthesie in der Traumatologie und Arbeit auf der Intensivstation P\u00e9terffy Krankenhaus Budapest<br>2017: herzchirurgische An\u00e4sthesie Gottsegen Gy\u00f6rgy Nationales Institut f\u00fcr Kardiologie<br>2018: klinisches Praktikum in der Abteilung f\u00fcr An\u00e4sthesie und Intensivmedizin der Semmelweis-Universit\u00e4t<br>2013-2019: Notarzt in der Notaufnahme der Stadt Sopron<br>2018-: Wabi Plastische Chirurgie, An\u00e4sthesie und allgemeinmedizinische Aufgaben<br>2018-: An\u00e4sthesie in der Zahnarztpraxis Dentall4one<br>2020-: Dental Sopron zahn\u00e4rztliche An\u00e4sthesie-T\u00e4tigkeiten<br>2020-: An\u00e4sthesie in der Kieferchirurgie von Ace Dental Budapest<\/p>\n","protected":false},"excerpt":{"rendered":"<p>Facharzt f\u00fcr An\u00e4sthesie und Intensivmedizin Ich bin Dr. Zolt\u00e1n Bendes, Facharzt f\u00fcr An\u00e4sthesie und Intensivmedizin, ich wurde am 22.02.1987 in Sopron geboren. Ein Gro\u00dfteil meiner Familie ist im Gesundheitswesen t\u00e4tig, so dass ich schon fr\u00fch einen Einblick in die Welt des Gesundheitswesens bekam. Nach dem Abitur wurde ich an der Semmelweis-Universit\u00e4t aufgenommen, wo ich ab [&hellip;]<\/p>\n","protected":false},"author":1,"featured_media":665,"parent":1299,"menu_order":0,"comment_status":"closed","ping_status":"closed","template":"","meta":{"footnotes":""},"class_list":["post-319","page","type-page","status-publish","has-post-thumbnail","hentry"],"blocksy_meta":[],"_links":{"self":[{"href":"https:\/\/dreamonmed.com\/de\/wp-json\/wp\/v2\/pages\/319","targetHints":{"allow":["GET"]}}],"collection":[{"href":"https:\/\/dreamonmed.com\/de\/wp-json\/wp\/v2\/pages"}],"about":[{"href":"https:\/\/dreamonmed.com\/de\/wp-json\/wp\/v2\/types\/page"}],"author":[{"embeddable":true,"href":"https:\/\/dreamonmed.com\/de\/wp-json\/wp\/v2\/users\/1"}],"replies":[{"embeddable":true,"href":"https:\/\/dreamonmed.com\/de\/wp-json\/wp\/v2\/comments?post=319"}],"version-history":[{"count":0,"href":"https:\/\/dreamonmed.com\/de\/wp-json\/wp\/v2\/pages\/319\/revisions"}],"up":[{"embeddable":true,"href":"https:\/\/dreamonmed.com\/de\/wp-json\/wp\/v2\/pages\/1299"}],"wp:featuredmedia":[{"embeddable":true,"href":"https:\/\/dreamonmed.com\/de\/wp-json\/wp\/v2\/media\/665"}],"wp:attachment":[{"href":"https:\/\/dreamonmed.com\/de\/wp-json\/wp\/v2\/media?parent=319"}],"curies":[{"name":"wp","href":"https:\/\/api.w.org\/{rel}","templated":true}]}}