{"id":1721,"date":"2025-11-12T16:44:40","date_gmt":"2025-11-12T15:44:40","guid":{"rendered":"https:\/\/dreamonmed.com\/?page_id=1721"},"modified":"2025-11-13T15:54:25","modified_gmt":"2025-11-13T14:54:25","slug":"sklerotherapie","status":"publish","type":"page","link":"https:\/\/dreamonmed.com\/de\/sklerotherapie\/","title":{"rendered":"Sklerotherapie"},"content":{"rendered":"\n<h2 class=\"wp-block-heading\">Injektions- Sklerotherapie<\/h2>\n\n\n\n<p>Die Injektions-&nbsp; Sklerotherapie ist ein kurzer, nur wenige Minuten dauernder Eingriff zur Behandlung von Besenreisern sowie kleinen und mittelgro\u00dfen Krampfadern . Der Eingriff ist schmerzfrei, jedoch kann es w\u00e4hrend der Nadelpunktion und der Verabreichung des Wirkstoffs zu einem unangenehmen Gef\u00fchl kommen.<\/p>\n\n\n\n<p>Die Behandlung wird im Stehen durchgef\u00fchrt, wobei der Wirkstoff in die erweiterten Venen injiziert wird. Sie kann allein oder in bestimmten F\u00e4llen auch in Kombination mit einer Laser-Krampfaderoperation durchgef\u00fchrt werden. Durch die in die erweiterte Vene injizierte Sklerosierungsl\u00f6sung verkleben deren W\u00e4nde, es kommt zu einer sterilen Entz\u00fcndung, die behandelten Venen vernarben allm\u00e4hlich und werden innerhalb weniger Wochen resorbiert.&nbsp;<\/p>\n\n\n\n<div class=\"wp-block-stackable-image stk-block-image stk-block stk-6179537\" data-block-id=\"6179537\"><style>.stk-6179537 .stk-img-wrapper{width:100% !important;}.stk-6179537 .stk-img-wrapper img{border-radius:20px !important;}<\/style><figure><span class=\"stk-img-wrapper stk-image--shape-stretch\"><img fetchpriority=\"high\" decoding=\"async\" class=\"stk-img wp-image-1707\" src=\"https:\/\/dreamonmed.com\/wp-content\/uploads\/2025\/11\/injekcios-szkleroterapia.webp\" width=\"1024\" height=\"450\" alt=\"Injekci\u00f3s szkleroter\u00e1pia, hat\u00f3anyag bead\u00e1sa vissz\u00e9rbe illusztr\u00e1ci\u00f3n\" srcset=\"https:\/\/dreamonmed.com\/wp-content\/uploads\/2025\/11\/injekcios-szkleroterapia.webp 1024w, https:\/\/dreamonmed.com\/wp-content\/uploads\/2025\/11\/injekcios-szkleroterapia-300x132.webp 300w, https:\/\/dreamonmed.com\/wp-content\/uploads\/2025\/11\/injekcios-szkleroterapia-768x338.webp 768w\" sizes=\"(max-width: 1024px) 100vw, 1024px\" \/><\/span><\/figure><\/div>\n\n\n\n<p>Nach dem Eingriff ist eine Kompressionsbehandlung erforderlich, um ein gutes Ergebnis zu erzielen, da diese die Verwachsung der Gef\u00e4\u00dfw\u00e4nde unterst\u00fctzt. Unmittelbar nach der Verabreichung wird eine elastische Bandage am Bein angelegt, die der Patient am n\u00e4chsten Tag zu Hause durch einen Kompressionsstrumpf ersetzen kann. Der Strumpf muss weitere zwei Wochen lang getragen werden.<\/p>\n\n\n\n<p>Bei gr\u00f6\u00dferen Ver\u00e4nderungen k\u00f6nnen mehrere Behandlungen erforderlich sein.<\/p>\n\n\n\n<p>Im behandelten Bereich kann es zu Hyperpigmentierung und Hautverf\u00e4rbungen kommen. Um dieses Risiko zu verringern, wird empfohlen, nach dem Eingriff einen Monat lang Sonnenlicht, Solarium und direkte UV-Strahlung zu vermeiden.<\/p>\n\n\n\n<h2 class=\"wp-block-heading\"><strong>Schaumsklerotherapie<\/strong><\/h2>\n\n\n\n<p>Bei der Schaumsklerotherapie werden die Krampfadern mit einem aus dem Medikament hergestellten Mikroschaum behandelt. Der Vorteil dieser Methode besteht darin, dass sie auch f\u00fcr die Behandlung gr\u00f6\u00dferer Seiten\u00e4ste oder sogar erweiterter Hauptst\u00e4mme geeignet ist, da die Wirkung des Wirkstoffs in dieser Form st\u00e4rker ist. Die Behandlung wird unter Ultraschallkontrolle durchgef\u00fchrt. Bei der Behandlung gr\u00f6\u00dferer \u00c4ste kann es zu einer st\u00e4rkeren Entz\u00fcndung kommen. In diesem Fall wird eine lokale K\u00fchlung des behandelten Bereichs empfohlen.<\/p>\n\n\n\n<p>Nach einer Schaumsklerotherapie wird empfohlen, 2 bis 4 Wochen lang Kompressionsstr\u00fcmpfe zu tragen.<\/p>\n\n\n\n<p>Vor der Sklerotherapie muss eine Duplex-Ultraschalluntersuchung der betroffenen Extremit\u00e4t durchgef\u00fchrt werden, damit die Behandlung wirksam und individuell angepasst werden kann.<\/p>\n","protected":false},"excerpt":{"rendered":"<p>Injektions- Sklerotherapie Die Injektions-&nbsp; Sklerotherapie ist ein kurzer, nur wenige Minuten dauernder Eingriff zur Behandlung von Besenreisern sowie kleinen und mittelgro\u00dfen Krampfadern . Der Eingriff ist schmerzfrei, jedoch kann es w\u00e4hrend der Nadelpunktion und der Verabreichung des Wirkstoffs zu einem unangenehmen Gef\u00fchl kommen. Die Behandlung wird im Stehen durchgef\u00fchrt, wobei der Wirkstoff in die erweiterten [&hellip;]<\/p>\n","protected":false},"author":1,"featured_media":0,"parent":0,"menu_order":0,"comment_status":"closed","ping_status":"closed","template":"","meta":{"footnotes":""},"class_list":["post-1721","page","type-page","status-publish","hentry"],"blocksy_meta":[],"_links":{"self":[{"href":"https:\/\/dreamonmed.com\/de\/wp-json\/wp\/v2\/pages\/1721","targetHints":{"allow":["GET"]}}],"collection":[{"href":"https:\/\/dreamonmed.com\/de\/wp-json\/wp\/v2\/pages"}],"about":[{"href":"https:\/\/dreamonmed.com\/de\/wp-json\/wp\/v2\/types\/page"}],"author":[{"embeddable":true,"href":"https:\/\/dreamonmed.com\/de\/wp-json\/wp\/v2\/users\/1"}],"replies":[{"embeddable":true,"href":"https:\/\/dreamonmed.com\/de\/wp-json\/wp\/v2\/comments?post=1721"}],"version-history":[{"count":0,"href":"https:\/\/dreamonmed.com\/de\/wp-json\/wp\/v2\/pages\/1721\/revisions"}],"wp:attachment":[{"href":"https:\/\/dreamonmed.com\/de\/wp-json\/wp\/v2\/media?parent=1721"}],"curies":[{"name":"wp","href":"https:\/\/api.w.org\/{rel}","templated":true}]}}