{"id":156,"date":"2024-02-20T13:11:01","date_gmt":"2024-02-20T12:11:01","guid":{"rendered":"https:\/\/dreamonmed.com\/?page_id=156"},"modified":"2024-10-26T11:44:41","modified_gmt":"2024-10-26T09:44:41","slug":"hyaluronsaeure-unterspritzung","status":"publish","type":"page","link":"https:\/\/dreamonmed.com\/de\/behandlung\/hyaluronsaeure-unterspritzung\/","title":{"rendered":"Hyalurons\u00e4ure Unterspritzung"},"content":{"rendered":"\n<p>Faltenauff\u00fcllung mit&nbsp; Hyalurons\u00e4ure geh\u00f6ren zu den fortschrittlichsten und wirksamsten Verfahren der plastischen Chirurgie, die das nat\u00fcrliche, jugendliche Aussehen des Gesichts ohne Operation wiederherstellen. Nat\u00fcrlich kommt mit zunehmendem Alter der Zeitpunkt, an dem tiefere Falten oder erschlaffte Gesichtshaut mit mehr als nur einer Operation aufgef\u00fcllt werden k\u00f6nnen, um sichtbare Ergebnisse zu erzielen.<\/p>\n\n\n\n<div class=\"wp-block-stackable-image stk-block-image stk-block stk-17d5224\" data-block-id=\"17d5224\"><style>.stk-17d5224 .stk-img-wrapper img{border-radius:20px !important;}<\/style><figure><span class=\"stk-img-wrapper stk-image--shape-stretch\"><img fetchpriority=\"high\" decoding=\"async\" class=\"stk-img wp-image-1453\" src=\"https:\/\/dreamonmed.com\/wp-content\/uploads\/2024\/10\/hialuronsavas-ranfceltoltes-szepeszeti-beavatkozas.webp\" width=\"1024\" height=\"450\" alt=\"Weibliche Patientin bei einer Faltenauff\u00fcllung mit Hyalurons\u00e4ure-Injektion, im Profilansicht.\" srcset=\"https:\/\/dreamonmed.com\/wp-content\/uploads\/2024\/10\/hialuronsavas-ranfceltoltes-szepeszeti-beavatkozas.webp 1024w, https:\/\/dreamonmed.com\/wp-content\/uploads\/2024\/10\/hialuronsavas-ranfceltoltes-szepeszeti-beavatkozas-300x132.webp 300w, https:\/\/dreamonmed.com\/wp-content\/uploads\/2024\/10\/hialuronsavas-ranfceltoltes-szepeszeti-beavatkozas-768x338.webp 768w\" sizes=\"(max-width: 1024px) 100vw, 1024px\" \/><\/span><\/figure><\/div>\n\n\n\n<h2 class=\"wp-block-heading\">Wo wird die Auff\u00fcllung verwendet?<\/h2>\n\n\n\n<ul class=\"wp-block-list\">\n<li>Mittleres Gesicht<\/li>\n\n\n\n<li>Augenbrauenbereich<\/li>\n\n\n\n<li>Giftige Falten (Glabella)<\/li>\n\n\n\n<li>Nasolabialfalten<\/li>\n\n\n\n<li>Marionettenfalten<\/li>\n\n\n\n<li>Lippenbereich<\/li>\n<\/ul>\n\n\n\n<h2 class=\"wp-block-heading\">Die Vorteile von Faltenauff\u00fcllern mit Hyalurons\u00e4ure:<\/h2>\n\n\n\n<ul class=\"wp-block-list\">\n<li>Eine wirksame Behandlung f\u00fcr einen nat\u00fcrlichen Effekt<\/li>\n\n\n\n<li>Eine nat\u00fcrliche Behandlung, da der Wirkstoff der im menschlichen K\u00f6rper vorkommenden Hyalurons\u00e4ure sehr \u00e4hnlich ist, so dass das Risiko einer allergischen Reaktion gering ist<\/li>\n\n\n\n<li>Kann bei allen Hauttypen, Geschlechtern und Altersgruppen angewendet werden<\/li>\n\n\n\n<li>Die Wirkung h\u00e4lt etwa 6-10 Monate an<\/li>\n<\/ul>\n\n\n\n<h2 class=\"wp-block-heading\">Der Unterschied zwischen anderer Behandlung und Faltenauff\u00fcllung mit Hyalurons\u00e4ure:<\/h2>\n\n\n\n<ul class=\"wp-block-list\">\n<li>Die andere Behandlung wird bei sogenannten dynamischen Falten eingesetzt, die durch die Bewegung der Muskeln entstehen.<\/li>\n\n\n\n<li>Hyalurons\u00e4ure-Faltenf\u00fcller sind eine wirksame Behandlung f\u00fcr statische Falten<\/li>\n<\/ul>\n\n\n\n<p><strong>Definieren Sie Sch\u00f6nheit und Selbstvertrauen neu mit Dream On Med!<\/strong><\/p>\n\n\n\n<p><strong>Wenn Sie mehr \u00fcber die Behandlung erfahren oder eine pers\u00f6nliche Beratung vereinbaren m\u00f6chten, kontaktieren Sie uns!<\/strong><\/p>\n","protected":false},"excerpt":{"rendered":"<p>Faltenauff\u00fcllung mit&nbsp; Hyalurons\u00e4ure geh\u00f6ren zu den fortschrittlichsten und wirksamsten Verfahren der plastischen Chirurgie, die das nat\u00fcrliche, jugendliche Aussehen des Gesichts ohne Operation wiederherstellen. Nat\u00fcrlich kommt mit zunehmendem Alter der Zeitpunkt, an dem tiefere Falten oder erschlaffte Gesichtshaut mit mehr als nur einer Operation aufgef\u00fcllt werden k\u00f6nnen, um sichtbare Ergebnisse zu erzielen. Wo wird die Auff\u00fcllung [&hellip;]<\/p>\n","protected":false},"author":1,"featured_media":614,"parent":129,"menu_order":0,"comment_status":"closed","ping_status":"closed","template":"","meta":{"footnotes":""},"class_list":["post-156","page","type-page","status-publish","has-post-thumbnail","hentry"],"blocksy_meta":[],"_links":{"self":[{"href":"https:\/\/dreamonmed.com\/de\/wp-json\/wp\/v2\/pages\/156","targetHints":{"allow":["GET"]}}],"collection":[{"href":"https:\/\/dreamonmed.com\/de\/wp-json\/wp\/v2\/pages"}],"about":[{"href":"https:\/\/dreamonmed.com\/de\/wp-json\/wp\/v2\/types\/page"}],"author":[{"embeddable":true,"href":"https:\/\/dreamonmed.com\/de\/wp-json\/wp\/v2\/users\/1"}],"replies":[{"embeddable":true,"href":"https:\/\/dreamonmed.com\/de\/wp-json\/wp\/v2\/comments?post=156"}],"version-history":[{"count":0,"href":"https:\/\/dreamonmed.com\/de\/wp-json\/wp\/v2\/pages\/156\/revisions"}],"up":[{"embeddable":true,"href":"https:\/\/dreamonmed.com\/de\/wp-json\/wp\/v2\/pages\/129"}],"wp:featuredmedia":[{"embeddable":true,"href":"https:\/\/dreamonmed.com\/de\/wp-json\/wp\/v2\/media\/614"}],"wp:attachment":[{"href":"https:\/\/dreamonmed.com\/de\/wp-json\/wp\/v2\/media?parent=156"}],"curies":[{"name":"wp","href":"https:\/\/api.w.org\/{rel}","templated":true}]}}