{"id":154,"date":"2024-02-20T13:10:35","date_gmt":"2024-02-20T12:10:35","guid":{"rendered":"https:\/\/dreamonmed.com\/?page_id=154"},"modified":"2024-10-26T11:43:59","modified_gmt":"2024-10-26T09:43:59","slug":"fadenlifting","status":"publish","type":"page","link":"https:\/\/dreamonmed.com\/de\/behandlung\/fadenlifting\/","title":{"rendered":"Fadenlifting"},"content":{"rendered":"\n<h2 class=\"wp-block-heading\">Absorbierbare COG-Fadenlifting im Mittelgesicht: die Begegnung von Innovation und Sch\u00f6nheit<\/h2>\n\n\n\n<p>Die moderne \u00e4sthetische Welt ist st\u00e4ndig auf der Suche nach neuen und effektiven L\u00f6sungen, um ein jugendliches und frisches Aussehen zu erreichen. In diesem Zusammenhang spielt die Straffung und Festigung des Mittelgesichts eine Schl\u00fcsselrolle. Absorbierbares COG Fadenliftinng ist ein innovatives Verfahren, das die neueste Technologie und biokompatible Materialien kombiniert, um verbl\u00fcffende Ergebnisse zu erzielen.<\/p>\n\n\n\n<div class=\"wp-block-stackable-image stk-block-image stk-block stk-4818bee\" data-block-id=\"4818bee\"><style>.stk-4818bee .stk-img-wrapper img{border-radius:20px !important;}<\/style><figure><span class=\"stk-img-wrapper stk-image--shape-stretch\"><img fetchpriority=\"high\" decoding=\"async\" class=\"stk-img wp-image-1450\" src=\"https:\/\/dreamonmed.com\/wp-content\/uploads\/2024\/10\/arcplasztikai-mutet-szalbehuzas.webp\" width=\"1024\" height=\"450\" alt=\"Weibliche Patientin strafft ihre Gesichtshaut vor der Fadenlifting-Technik der Gesichtsstraffung.\" srcset=\"https:\/\/dreamonmed.com\/wp-content\/uploads\/2024\/10\/arcplasztikai-mutet-szalbehuzas.webp 1024w, https:\/\/dreamonmed.com\/wp-content\/uploads\/2024\/10\/arcplasztikai-mutet-szalbehuzas-300x132.webp 300w, https:\/\/dreamonmed.com\/wp-content\/uploads\/2024\/10\/arcplasztikai-mutet-szalbehuzas-768x338.webp 768w\" sizes=\"(max-width: 1024px) 100vw, 1024px\" \/><\/span><\/figure><\/div>\n\n\n\n<h2 class=\"wp-block-heading\">Das Prinzip der Fadenlifting<\/h2>\n\n\n\n<p>Bei der Fadenlifting werden d\u00fcnne, bioresorbierbare F\u00e4den unter die Haut im Mittelgesicht eingef\u00fchrt. Diese F\u00e4den haben \u201eStacheln\u201c oder \u201eZ\u00e4hne\u201c, die es erm\u00f6glichen, die Haut zu fixieren und zu dehnen. W\u00e4hrend des Eingriffs werden die F\u00e4den an strategischen Punkten platziert, um das Mittelgesicht zu straffen und zu st\u00fctzen, so dass die Haut fester und jugendlicher aussieht.<\/p>\n\n\n\n<h3 class=\"wp-block-heading\">Absorbierbarer Effekt<\/h3>\n\n\n\n<p>Einer der herausragenden Vorteile des absorbierbaren COG-Fadens ist, dass die verwendeten F\u00e4den nach und nach unter der Haut absorbiert werden. Dieser Prozess stimuliert die Kollagenproduktion, was langfristig zu mehr Festigkeit und Vitalit\u00e4t f\u00fchrt. W\u00e4hrend die F\u00e4den absorbiert werden, wandelt sich die Haut auf nat\u00fcrliche Weise und regeneriert sich, was zu einem nat\u00fcrlichen Aussehen beitr\u00e4gt.<\/p>\n\n\n\n<h2 class=\"wp-block-heading\">Vorteile<\/h2>\n\n\n\n<ul class=\"wp-block-list\">\n<li>Das Verfahren minimiert das Risiko von Narbenbildung und Schwellungen w\u00e4hrend des Eingriffs.<\/li>\n\n\n\n<li>Die Ergebnisse sind sofort sichtbar und verbessern sich im Laufe der Zeit durch die Stimulation des Kollagens.<\/li>\n\n\n\n<li>Das resorbierbare COG-Fadening minimiert die Heilungszeit.<\/li>\n<\/ul>\n\n\n\n<h2 class=\"wp-block-heading\">F\u00fcr wen ist es geeignet?<\/h2>\n\n\n\n<p>Absorbierbares COG-Fadenlifting kann eine ideale Wahl f\u00fcr diejenigen sein, die unter leichter bis mittlerer Erschlaffung des Mittelgesichts und Spannungsverlust der Haut leiden. Ein Beratungsgespr\u00e4ch vor der Behandlung mit unserem plastischen Chirurgen ist wichtig, um die f\u00fcr Sie am besten geeignete Behandlung auszuw\u00e4hlen.<\/p>\n\n\n\n<p>Die Straffung des Mittelgesichts wurde noch nie mit einem so effektiven und minimalinvasiven Verfahren erreicht. Fadenlifting bietet die M\u00f6glichkeit, ein nat\u00fcrliches und jugendliches Aussehen wiederzuerlangen und gleichzeitig die l\u00e4stigen Nebenwirkungen und Ver\u00e4nderungen im Laufe der Zeit zu minimieren.<\/p>\n\n\n\n<p><strong>Definieren Sie Sch\u00f6nheit und Selbstvertrauen neu mit Dream On Med!<\/strong><\/p>\n\n\n\n<p><strong>Wenn Sie mehr \u00fcber die Behandlung erfahren oder eine pers\u00f6nliche Beratung vereinbaren m\u00f6chten, kontaktieren Sie uns!<\/strong><\/p>\n","protected":false},"excerpt":{"rendered":"<p>Absorbierbare COG-Fadenlifting im Mittelgesicht: die Begegnung von Innovation und Sch\u00f6nheit Die moderne \u00e4sthetische Welt ist st\u00e4ndig auf der Suche nach neuen und effektiven L\u00f6sungen, um ein jugendliches und frisches Aussehen zu erreichen. In diesem Zusammenhang spielt die Straffung und Festigung des Mittelgesichts eine Schl\u00fcsselrolle. Absorbierbares COG Fadenliftinng ist ein innovatives Verfahren, das die neueste Technologie [&hellip;]<\/p>\n","protected":false},"author":1,"featured_media":626,"parent":129,"menu_order":0,"comment_status":"closed","ping_status":"closed","template":"","meta":{"footnotes":""},"class_list":["post-154","page","type-page","status-publish","has-post-thumbnail","hentry"],"blocksy_meta":[],"_links":{"self":[{"href":"https:\/\/dreamonmed.com\/de\/wp-json\/wp\/v2\/pages\/154","targetHints":{"allow":["GET"]}}],"collection":[{"href":"https:\/\/dreamonmed.com\/de\/wp-json\/wp\/v2\/pages"}],"about":[{"href":"https:\/\/dreamonmed.com\/de\/wp-json\/wp\/v2\/types\/page"}],"author":[{"embeddable":true,"href":"https:\/\/dreamonmed.com\/de\/wp-json\/wp\/v2\/users\/1"}],"replies":[{"embeddable":true,"href":"https:\/\/dreamonmed.com\/de\/wp-json\/wp\/v2\/comments?post=154"}],"version-history":[{"count":0,"href":"https:\/\/dreamonmed.com\/de\/wp-json\/wp\/v2\/pages\/154\/revisions"}],"up":[{"embeddable":true,"href":"https:\/\/dreamonmed.com\/de\/wp-json\/wp\/v2\/pages\/129"}],"wp:featuredmedia":[{"embeddable":true,"href":"https:\/\/dreamonmed.com\/de\/wp-json\/wp\/v2\/media\/626"}],"wp:attachment":[{"href":"https:\/\/dreamonmed.com\/de\/wp-json\/wp\/v2\/media?parent=154"}],"curies":[{"name":"wp","href":"https:\/\/api.w.org\/{rel}","templated":true}]}}