{"id":144,"date":"2024-02-20T13:09:29","date_gmt":"2024-02-20T12:09:29","guid":{"rendered":"https:\/\/dreamonmed.com\/?page_id=144"},"modified":"2024-10-26T11:35:35","modified_gmt":"2024-10-26T09:35:35","slug":"bauchdeckenstraffung","status":"publish","type":"page","link":"https:\/\/dreamonmed.com\/de\/body\/bauchdeckenstraffung\/","title":{"rendered":"Bauchdeckenstraffung"},"content":{"rendered":"\n<h2 class=\"wp-block-heading\">Wiederherstellung von Selbstvertrauen und Komfort:<\/h2>\n\n\n\n<div class=\"wp-block-stackable-image stk-block-image stk-block stk-d90e591\" data-block-id=\"d90e591\"><figure><span class=\"stk-img-wrapper stk-image--shape-stretch\"><img fetchpriority=\"high\" decoding=\"async\" class=\"stk-img wp-image-1432\" src=\"https:\/\/dreamonmed.com\/wp-content\/uploads\/2024\/10\/hasplasztika-mutet-elott-utan.webp\" width=\"1024\" height=\"450\" alt=\"Vergleich der Vorher- und Nachher-Ergebnisse einer Bauchstraffung bei einer weiblichen Patientin, sichtbare Verbesserung der Bauchstraffheit.\" srcset=\"https:\/\/dreamonmed.com\/wp-content\/uploads\/2024\/10\/hasplasztika-mutet-elott-utan.webp 1024w, https:\/\/dreamonmed.com\/wp-content\/uploads\/2024\/10\/hasplasztika-mutet-elott-utan-300x132.webp 300w, https:\/\/dreamonmed.com\/wp-content\/uploads\/2024\/10\/hasplasztika-mutet-elott-utan-768x338.webp 768w\" sizes=\"(max-width: 1024px) 100vw, 1024px\" \/><\/span><\/figure><\/div>\n\n\n\n<h3 class=\"wp-block-heading\">Bauchdeckenstraffung zur Erneuerung der K\u00f6rperkonturen<\/h3>\n\n\n\n<p>Im Laufe der Zeit oder nach einer Gewichtsabnahme k\u00f6nnen lockere Haut und schlaffe Muskeln im Bauchbereich oft k\u00f6rperliches und seelisches Unbehagen verursachen. Die Bauchdeckenstraffung, auch Abdominoplastik genannt, ist eine wirksame L\u00f6sung in der modernen plastischen Chirurgie, um die K\u00f6rperkonturen zu verbessern und das Selbstvertrauen zur\u00fcckzugewinnen.<\/p>\n\n\n\n<p>Wenn Sie sich f\u00fcr eine vollst\u00e4ndige Bauchstraffung entscheiden, k\u00f6nnen Sie eine gro\u00dfe Menge an \u00fcbersch\u00fcssigem Fett und Haut loswerden. Durch die Operation wird sowohl der Bereich unterhalb als auch oberhalb des Nabels gestrafft.<\/p>\n\n\n\n<h2 class=\"wp-block-heading\">Was k\u00f6nnen Sie bei einer Bauchstraffung erwarten?<\/h2>\n\n\n\n<h3 class=\"wp-block-heading\">Konsultation<\/h3>\n\n\n\n<p>Vor der Bauchstraffung f\u00fchrt der Arzt ein ausf\u00fchrliches Beratungsgespr\u00e4ch mit dem Patienten. Der Arzt bespricht die Erwartungen und Ziele des Patienten, untersucht dann den k\u00f6rperlichen Zustand des Patienten und informiert \u00fcber die notwendigen Untersuchungen, die je nach Zustand des Patienten vor der Operation durchgef\u00fchrt werden m\u00fcssen. Es gibt verschiedene Arten von Eingriffen bei einer Bauchstraffung, darunter eine vollst\u00e4ndige oder nur midi Bauchstraffung. Der Arzt wird Ihnen dabei helfen, den f\u00fcr Sie am besten geeigneten Eingriff zu bestimmen.<\/p>\n\n\n\n<h3 class=\"wp-block-heading\">An\u00e4sthesie\/Klinikaufenthalt<\/h3>\n\n\n\n<p>Die Operation wird unter Vollnarkose durchgef\u00fchrt, um sicherzustellen, dass der Patient w\u00e4hrend des Eingriffs keine Schmerzen versp\u00fcrt und der Chirurg den Eingriff ungest\u00f6rt durchf\u00fchren kann. Nach der Operation ist 1-3 Nacht Klinikaufenthalt erforderlich.<\/p>\n\n\n\n<h3 class=\"wp-block-heading\">Operation<\/h3>\n\n\n\n<p>Bei einer Bauchdeckenstraffung macht unser plastischer Chirurg einen L\u00e4ngsschnitt von einem H\u00fcftknochen zum anderen, der unterhalb des Nabels, in der sogenannten Bikinizone, verl\u00e4uft. Dann schneidet er das \u00fcbersch\u00fcssige Haut- und Fettgewebe ab, fixiert die getrennten, verl\u00e4ngerten Bauchmuskeln und bringt den Bauchnabel in seine urspr\u00fcngliche anatomische Position. Schlie\u00dflich legt er Drainageschl\u00e4uche ein, um die Sekrete abzuleiten, die so lange in der Bauchdecke verbleiben, wie der plastische Chirurg es f\u00fcr notwendig h\u00e4lt, d. h. 3 bis 7 Tage. Schlie\u00dflich verschlie\u00dft unser plastischer Chirurg die Operationsstelle mit N\u00e4hten.<\/p>\n\n\n\n<h3 class=\"wp-block-heading\">Erholung und Nachsorge<\/h3>\n\n\n\n<p>Nach der Operation kann es zu Schwellungen und Druckempfindlichkeit im Bauchbereich kommen.&nbsp; Die Ergebnisse werden nach und nach sichtbar, wenn die Heilung und die Schwellungen abklingen. Nach der Operation wird f\u00fcr 6 Wochen ein spezieller Kompressionsg\u00fcrtel getragen. Die F\u00e4den werden 2-3 Wochen nach dem Eingriff entfernt.<\/p>\n\n\n\n<h3 class=\"wp-block-heading\">Ergebnisse<\/h3>\n\n\n\n<p>Die Bauchdeckenstraffung verhilft zu jugendlichen und straffen Bauchkonturen. Das neue Aussehen und das gesteigerte Selbstvertrauen k\u00f6nnen sich positiv auf das Selbstbild und die Lebensqualit\u00e4t auswirken.<\/p>\n\n\n\n<p>Eine Bauchdeckenstraffung ist eine wirksame Methode f\u00fcr Patienten, um eine jugendlichere und straffere Bauchkontur zu erlangen.<\/p>\n\n\n\n<p>Eine vollst\u00e4ndige Bauchstraffung wird f\u00fcr diejenigen empfohlen, die das \u00fcbersch\u00fcssige Fett und die Haut am Bauch als besonders st\u00f6rend empfinden und durch eine Operation endlich eine schlanke, flache Form erreichen m\u00f6chten.<\/p>\n\n\n\n<p><strong>Definieren Sie Sch\u00f6nheit und Selbstvertrauen neu mit Dream On Med!<\/strong><\/p>\n\n\n\n<p><strong>Wenn Sie mehr \u00fcber die Operation erfahren oder eine pers\u00f6nliche Beratung vereinbaren m\u00f6chten, kontaktieren Sie uns!<\/strong><\/p>\n","protected":false},"excerpt":{"rendered":"<p>Wiederherstellung von Selbstvertrauen und Komfort: Bauchdeckenstraffung zur Erneuerung der K\u00f6rperkonturen Im Laufe der Zeit oder nach einer Gewichtsabnahme k\u00f6nnen lockere Haut und schlaffe Muskeln im Bauchbereich oft k\u00f6rperliches und seelisches Unbehagen verursachen. Die Bauchdeckenstraffung, auch Abdominoplastik genannt, ist eine wirksame L\u00f6sung in der modernen plastischen Chirurgie, um die K\u00f6rperkonturen zu verbessern und das Selbstvertrauen zur\u00fcckzugewinnen. [&hellip;]<\/p>\n","protected":false},"author":1,"featured_media":687,"parent":128,"menu_order":0,"comment_status":"closed","ping_status":"closed","template":"","meta":{"footnotes":""},"class_list":["post-144","page","type-page","status-publish","has-post-thumbnail","hentry"],"blocksy_meta":[],"_links":{"self":[{"href":"https:\/\/dreamonmed.com\/de\/wp-json\/wp\/v2\/pages\/144","targetHints":{"allow":["GET"]}}],"collection":[{"href":"https:\/\/dreamonmed.com\/de\/wp-json\/wp\/v2\/pages"}],"about":[{"href":"https:\/\/dreamonmed.com\/de\/wp-json\/wp\/v2\/types\/page"}],"author":[{"embeddable":true,"href":"https:\/\/dreamonmed.com\/de\/wp-json\/wp\/v2\/users\/1"}],"replies":[{"embeddable":true,"href":"https:\/\/dreamonmed.com\/de\/wp-json\/wp\/v2\/comments?post=144"}],"version-history":[{"count":0,"href":"https:\/\/dreamonmed.com\/de\/wp-json\/wp\/v2\/pages\/144\/revisions"}],"up":[{"embeddable":true,"href":"https:\/\/dreamonmed.com\/de\/wp-json\/wp\/v2\/pages\/128"}],"wp:featuredmedia":[{"embeddable":true,"href":"https:\/\/dreamonmed.com\/de\/wp-json\/wp\/v2\/media\/687"}],"wp:attachment":[{"href":"https:\/\/dreamonmed.com\/de\/wp-json\/wp\/v2\/media?parent=144"}],"curies":[{"name":"wp","href":"https:\/\/api.w.org\/{rel}","templated":true}]}}