{"id":143,"date":"2024-02-20T13:09:20","date_gmt":"2024-02-20T12:09:20","guid":{"rendered":"https:\/\/dreamonmed.com\/?page_id=143"},"modified":"2024-10-26T11:34:32","modified_gmt":"2024-10-26T09:34:32","slug":"oberarmstraffung","status":"publish","type":"page","link":"https:\/\/dreamonmed.com\/de\/body\/oberarmstraffung\/","title":{"rendered":"Oberarmstraffung"},"content":{"rendered":"\n<h2 class=\"wp-block-heading\">Zur\u00fcck zu jugendlichen Armkonturen<\/h2>\n\n\n\n<p>Oberarm-Plastik zur Armerneuerung<\/p>\n\n\n\n<div class=\"wp-block-stackable-image stk-block-image stk-block stk-9d86058\" data-block-id=\"9d86058\"><style>.stk-9d86058 .stk-img-wrapper img{border-radius:20px !important;}<\/style><figure><span class=\"stk-img-wrapper stk-image--shape-stretch\"><img fetchpriority=\"high\" decoding=\"async\" class=\"stk-img wp-image-1429\" src=\"https:\/\/dreamonmed.com\/wp-content\/uploads\/2024\/10\/felkar-plasztikai-mutet-1.webp\" width=\"1024\" height=\"450\" alt=\"Der plastische Chirurg macht Markierungen am Arm einer weiblichen Patientin vor der Oberarmstraffung.\" srcset=\"https:\/\/dreamonmed.com\/wp-content\/uploads\/2024\/10\/felkar-plasztikai-mutet-1.webp 1024w, https:\/\/dreamonmed.com\/wp-content\/uploads\/2024\/10\/felkar-plasztikai-mutet-1-300x132.webp 300w, https:\/\/dreamonmed.com\/wp-content\/uploads\/2024\/10\/felkar-plasztikai-mutet-1-768x338.webp 768w\" sizes=\"(max-width: 1024px) 100vw, 1024px\" \/><\/span><\/figure><\/div>\n\n\n\n<p>Die Haut des Oberarms kann im Laufe der Jahre stark h\u00e4ngen, aber auch in jungen Jahren kann ein starker Gewichtsverlust zu einer schlaffen Oberarmhaut f\u00fchren. Selbst bei regelm\u00e4\u00dfiger Bewegung ist es besonders schwierig, den Arm abzuspecken, und um ihn zu straffen, m\u00fcsste man erhebliche Muskelmasse aufbauen. Genau daf\u00fcr ist die plastische Chirurgie der Oberarme gedacht, die f\u00fcr straffe Arme und ein jugendliches Aussehen sorgen soll.<\/p>\n\n\n\n<h2 class=\"wp-block-heading\">Was k\u00f6nnen Sie bei einer Oberarmoperation erwarten?<\/h2>\n\n\n\n<h3 class=\"wp-block-heading\">Konsultation<\/h3>\n\n\n\n<p>Der Arzt bespricht die Erwartungen und Ziele des Patienten und untersucht dann den Zustand der Arme. Der Arzt hilft Ihnen dabei, die f\u00fcr Sie am besten geeignete Vorgehensweise zu bestimmen, und informiert Sie \u00fcber die notwendigen Untersuchungen, die je nach Zustand des Patienten vor der Operation durchgef\u00fchrt werden m\u00fcssen.<\/p>\n\n\n\n<h3 class=\"wp-block-heading\">An\u00e4sthesie\/Klinikaufenthalt<\/h3>\n\n\n\n<p>Die Operation wird unter Vollnarkose durchgef\u00fchrt, um sicherzustellen, dass der Patient w\u00e4hrend des Eingriffs keine Schmerzen versp\u00fcrt und der Chirurg den Eingriff ungest\u00f6rt durchf\u00fchren kann. Nach der Operation ist eine Nacht Klinikaufenthalt erforderlich.<\/p>\n\n\n\n<h3 class=\"wp-block-heading\">Operation<\/h3>\n\n\n\n<p>Bei der Oberarmoperation entfernt der Arzt \u00fcbersch\u00fcssige Haut und Fett an den Armen. Um die Haut zu straffen, macht der Chirurg einen L\u00e4ngsschnitt in der Achselh\u00f6hle und wenn n\u00f6tig an der Innenseite der Arme, um durch die Entfernung der \u00fcbersch\u00fcssigen Haut einen strafferen Effekt zu erzielen. Der Arzt achtet darauf, dass die Schnitte so gesetzt werden, dass die Narben nicht zu sehen sind.<\/p>\n\n\n\n<h3 class=\"wp-block-heading\">Erholung und Nachsorge<\/h3>\n\n\n\n<p>Nach der Operation kann es im Armbereich zu Schwellungen und Druckempfindlichkeit kommen.&nbsp; Die Ergebnisse werden allm\u00e4hlich sichtbar, wenn Heilung und Schwellung abklingen. Nach der Operation werden spezielle Kompressionskleider getragen. Die F\u00e4den werden 2-3 Wochen nach dem Eingriff entfernt.<\/p>\n\n\n\n<h3 class=\"wp-block-heading\">Ergebnis<\/h3>\n\n\n\n<p>wieder jugendliche Konturen und Selbstvertrauen. Das neue Aussehen und das gesteigerte Selbstvertrauen k\u00f6nnen sich positiv auf das Selbstbild und die Lebensqualit\u00e4t auswirken.<\/p>\n\n\n\n<p>Die Oberarmoperation ist eine wirksame und sichere Methode f\u00fcr Patienten, um wieder jugendlichere und straffere Arme zu erhalten.<\/p>\n\n\n\n<p><strong>Definieren Sie Sch\u00f6nheit und Selbstvertrauen neu mit Dream On Med!<\/strong><\/p>\n\n\n\n<p><strong>Wenn Sie mehr \u00fcber die Operation erfahren oder eine pers\u00f6nliche Beratung vereinbaren m\u00f6chten, kontaktieren Sie uns!<\/strong><\/p>\n","protected":false},"excerpt":{"rendered":"<p>Zur\u00fcck zu jugendlichen Armkonturen Oberarm-Plastik zur Armerneuerung Die Haut des Oberarms kann im Laufe der Jahre stark h\u00e4ngen, aber auch in jungen Jahren kann ein starker Gewichtsverlust zu einer schlaffen Oberarmhaut f\u00fchren. Selbst bei regelm\u00e4\u00dfiger Bewegung ist es besonders schwierig, den Arm abzuspecken, und um ihn zu straffen, m\u00fcsste man erhebliche Muskelmasse aufbauen. Genau daf\u00fcr [&hellip;]<\/p>\n","protected":false},"author":1,"featured_media":675,"parent":128,"menu_order":0,"comment_status":"closed","ping_status":"closed","template":"","meta":{"footnotes":""},"class_list":["post-143","page","type-page","status-publish","has-post-thumbnail","hentry"],"blocksy_meta":[],"_links":{"self":[{"href":"https:\/\/dreamonmed.com\/de\/wp-json\/wp\/v2\/pages\/143","targetHints":{"allow":["GET"]}}],"collection":[{"href":"https:\/\/dreamonmed.com\/de\/wp-json\/wp\/v2\/pages"}],"about":[{"href":"https:\/\/dreamonmed.com\/de\/wp-json\/wp\/v2\/types\/page"}],"author":[{"embeddable":true,"href":"https:\/\/dreamonmed.com\/de\/wp-json\/wp\/v2\/users\/1"}],"replies":[{"embeddable":true,"href":"https:\/\/dreamonmed.com\/de\/wp-json\/wp\/v2\/comments?post=143"}],"version-history":[{"count":0,"href":"https:\/\/dreamonmed.com\/de\/wp-json\/wp\/v2\/pages\/143\/revisions"}],"up":[{"embeddable":true,"href":"https:\/\/dreamonmed.com\/de\/wp-json\/wp\/v2\/pages\/128"}],"wp:featuredmedia":[{"embeddable":true,"href":"https:\/\/dreamonmed.com\/de\/wp-json\/wp\/v2\/media\/675"}],"wp:attachment":[{"href":"https:\/\/dreamonmed.com\/de\/wp-json\/wp\/v2\/media?parent=143"}],"curies":[{"name":"wp","href":"https:\/\/api.w.org\/{rel}","templated":true}]}}