{"id":140,"date":"2024-02-20T13:08:55","date_gmt":"2024-02-20T12:08:55","guid":{"rendered":"https:\/\/dreamonmed.com\/?page_id=140"},"modified":"2024-10-26T11:31:28","modified_gmt":"2024-10-26T09:31:28","slug":"brustverkleinerung","status":"publish","type":"page","link":"https:\/\/dreamonmed.com\/de\/brust\/brustverkleinerung\/","title":{"rendered":"Brustverkleinerung"},"content":{"rendered":"\n<h2 class=\"wp-block-heading\">Komfort und Selbstvertrauen zur\u00fcckgewinnen<\/h2>\n\n\n\n<p>Brustverkleinerungsoperationen f\u00fcr mehr Komfort<\/p>\n\n\n\n<div class=\"wp-block-stackable-image stk-block-image stk-block stk-de6e812\" data-block-id=\"de6e812\"><figure><span class=\"stk-img-wrapper stk-image--shape-stretch\"><img fetchpriority=\"high\" decoding=\"async\" class=\"stk-img wp-image-1423\" src=\"https:\/\/dreamonmed.com\/wp-content\/uploads\/2024\/10\/mellkisebbites-plasztikai-sebeszeti-mutet.webp\" width=\"1024\" height=\"450\" alt=\"Weibliche Patientin im rosa Kleid nach der Brustoperation.\" srcset=\"https:\/\/dreamonmed.com\/wp-content\/uploads\/2024\/10\/mellkisebbites-plasztikai-sebeszeti-mutet.webp 1024w, https:\/\/dreamonmed.com\/wp-content\/uploads\/2024\/10\/mellkisebbites-plasztikai-sebeszeti-mutet-300x132.webp 300w, https:\/\/dreamonmed.com\/wp-content\/uploads\/2024\/10\/mellkisebbites-plasztikai-sebeszeti-mutet-768x338.webp 768w\" sizes=\"(max-width: 1024px) 100vw, 1024px\" \/><\/span><\/figure><\/div>\n\n\n\n<p>Eine gr\u00f6\u00dfere Brust kann eine Reihe von Problemen verursachen, darunter R\u00fcckenschmerzen, Nackenschmerzen und Hautreizungen. Um die Lebensqualit\u00e4t zu verbessern und das k\u00f6rperliche Wohlbefinden wiederzuerlangen, entscheiden sich immer mehr Frauen f\u00fcr eine Brustverkleinerungsoperation. Die moderne plastische Chirurgie bietet eine Option f\u00fcr diejenigen, die das durch eine \u00fcbergro\u00dfe Brust verursachte Unbehagen und die Selbstzweifel beseitigen m\u00f6chten.<\/p>\n\n\n\n<h2 class=\"wp-block-heading\">Was k\u00f6nnen Sie bei einer Brustverkleinerung erwarten?<\/h2>\n\n\n\n<h3 class=\"wp-block-heading\">Konsultation<\/h3>\n\n\n\n<p>Vor der Brustverkleinerung f\u00fchrt der Arzt eine ausf\u00fchrliche Beratung durch, bei der er die k\u00f6rperlichen und seelischen Bed\u00fcrfnisse der Patientin ber\u00fccksichtigt, und informiert Sie \u00fcber die notwendigen Untersuchungen, die je nach Zustand der Patientin vor der Operation durchgef\u00fchrt werden m\u00fcssen. Anhand der Gr\u00f6\u00dfe, der Form und des Umfangs der Brust erstellt der Arzt einen individuellen Plan, um Ihnen zu helfen, die gew\u00fcnschte Gr\u00f6\u00dfe und Form zu erreichen.<\/p>\n\n\n\n<h3 class=\"wp-block-heading\">An\u00e4sthesie\/Klinikaufenthalt<\/h3>\n\n\n\n<p>Die Operation wird unter Vollnarkose durchgef\u00fchrt, um sicherzustellen, dass der Patient w\u00e4hrend des Eingriffs keine Schmerzen versp\u00fcrt und der Chirurg den Eingriff ungest\u00f6rt durchf\u00fchren kann. Nach der Operation ist eine Nacht Klinikaufenthalt erforderlich.<\/p>\n\n\n\n<h3 class=\"wp-block-heading\">Operation<\/h3>\n\n\n\n<p>Bei der Brustverkleinerung entfernt der Arzt \u00fcbersch\u00fcssiges Brustgewebe und Haut. Die Brustdr\u00fcsen werden in der Regel neu geformt und angehoben, um mit dem K\u00f6rper zu harmonieren. Der Arzt sorgt daf\u00fcr, dass die Schnitte so diskret wie m\u00f6glich platziert werden, sodass die Narben m\u00f6glichst wenig sichtbar sind.<\/p>\n\n\n\n<h3 class=\"wp-block-heading\">Erholung und Nachsorge<\/h3>\n\n\n\n<p>Nach einer Brustverkleinerung kann es zu Schwellungen und Bluterg\u00fcssen kommen, die jedoch mit der Zeit abklingen. W\u00e4hrend der postoperativen Erholungsphase ist es wichtig, die Anweisungen des Arztes zu befolgen. Die Ergebnisse werden sichtbar sein, und die Patientinnen werden die positiven Auswirkungen ihrer neuen Brustgr\u00f6\u00dfe in Bezug auf das K\u00f6rpergef\u00fchl und das Selbstvertrauen sp\u00fcren. Nach der Operation sollte ein spezieller BH getragen werden. Die Nahtentfernung erfolgt 2-3 Wochen nach dem Eingriff.<\/p>\n\n\n\n<h3 class=\"wp-block-heading\">Ergebnis<\/h3>\n\n\n\n<p>Komfort und Selbstvertrauen. Eine Brustverkleinerung erm\u00f6glicht es den Patientinnen, ihr k\u00f6rperliches Wohlbefinden und ihr Selbstvertrauen wiederzuerlangen. Eine kleinere Brust verbessert die K\u00f6rperhaltung, reduziert Schmerzen und beseitigt Unwohlsein.<\/p>\n\n\n\n<p><strong>Definieren Sie Sch\u00f6nheit und Selbstvertrauen neu mit Dream On Med!<\/strong><\/p>\n\n\n\n<p><strong>Wenn Sie mehr \u00fcber die Operation erfahren oder eine pers\u00f6nliche Beratung vereinbaren m\u00f6chten, kontaktieren Sie uns!<\/strong><\/p>\n","protected":false},"excerpt":{"rendered":"<p>Komfort und Selbstvertrauen zur\u00fcckgewinnen Brustverkleinerungsoperationen f\u00fcr mehr Komfort Eine gr\u00f6\u00dfere Brust kann eine Reihe von Problemen verursachen, darunter R\u00fcckenschmerzen, Nackenschmerzen und Hautreizungen. Um die Lebensqualit\u00e4t zu verbessern und das k\u00f6rperliche Wohlbefinden wiederzuerlangen, entscheiden sich immer mehr Frauen f\u00fcr eine Brustverkleinerungsoperation. Die moderne plastische Chirurgie bietet eine Option f\u00fcr diejenigen, die das durch eine \u00fcbergro\u00dfe Brust [&hellip;]<\/p>\n","protected":false},"author":1,"featured_media":947,"parent":127,"menu_order":0,"comment_status":"closed","ping_status":"closed","template":"","meta":{"footnotes":""},"class_list":["post-140","page","type-page","status-publish","has-post-thumbnail","hentry"],"blocksy_meta":[],"_links":{"self":[{"href":"https:\/\/dreamonmed.com\/de\/wp-json\/wp\/v2\/pages\/140","targetHints":{"allow":["GET"]}}],"collection":[{"href":"https:\/\/dreamonmed.com\/de\/wp-json\/wp\/v2\/pages"}],"about":[{"href":"https:\/\/dreamonmed.com\/de\/wp-json\/wp\/v2\/types\/page"}],"author":[{"embeddable":true,"href":"https:\/\/dreamonmed.com\/de\/wp-json\/wp\/v2\/users\/1"}],"replies":[{"embeddable":true,"href":"https:\/\/dreamonmed.com\/de\/wp-json\/wp\/v2\/comments?post=140"}],"version-history":[{"count":0,"href":"https:\/\/dreamonmed.com\/de\/wp-json\/wp\/v2\/pages\/140\/revisions"}],"up":[{"embeddable":true,"href":"https:\/\/dreamonmed.com\/de\/wp-json\/wp\/v2\/pages\/127"}],"wp:featuredmedia":[{"embeddable":true,"href":"https:\/\/dreamonmed.com\/de\/wp-json\/wp\/v2\/media\/947"}],"wp:attachment":[{"href":"https:\/\/dreamonmed.com\/de\/wp-json\/wp\/v2\/media?parent=140"}],"curies":[{"name":"wp","href":"https:\/\/api.w.org\/{rel}","templated":true}]}}