{"id":139,"date":"2024-02-20T13:08:48","date_gmt":"2024-02-20T12:08:48","guid":{"rendered":"https:\/\/dreamonmed.com\/?page_id=139"},"modified":"2024-10-26T11:30:22","modified_gmt":"2024-10-26T09:30:22","slug":"bruststraffung","status":"publish","type":"page","link":"https:\/\/dreamonmed.com\/de\/brust\/bruststraffung\/","title":{"rendered":"Bruststraffung"},"content":{"rendered":"\n<h2 class=\"wp-block-heading\">Verj\u00fcngende Konturen und Selbstvertrauen<\/h2>\n\n\n\n<p>Die Zeit und die Ver\u00e4nderungen im Leben beeinflussen die Form und Festigkeit der Br\u00fcste. Schwangerschaft, Gewichtsverlust oder Alterung k\u00f6nnen dazu f\u00fchren, dass die Br\u00fcste ihre nat\u00fcrliche Kontur und Festigkeit verlieren. Die Bruststraffung ist eine moderne L\u00f6sung der plastischen Chirurgie, die es den Patientinnen erm\u00f6glicht, jugendliche und straffe Brustkonturen wiederzuerlangen und so ihr Selbstvertrauen und ihr K\u00f6rperbild zu verbessern.<\/p>\n\n\n\n<div class=\"wp-block-stackable-image stk-block-image stk-block stk-d1be797\" data-block-id=\"d1be797\"><style>.stk-d1be797 .stk-img-wrapper img{border-radius:20px !important;}<\/style><figure><span class=\"stk-img-wrapper stk-image--shape-stretch\"><img fetchpriority=\"high\" decoding=\"async\" class=\"stk-img wp-image-1420\" src=\"https:\/\/dreamonmed.com\/wp-content\/uploads\/2024\/10\/mellfelvarras-korrekcios-plasztikai-mutet.webp\" width=\"1024\" height=\"450\" alt=\"Weibliche Patientin im rosa BH nach der Bruststraffung, die Anhebung und Formung der Brust ist sichtbar.\" srcset=\"https:\/\/dreamonmed.com\/wp-content\/uploads\/2024\/10\/mellfelvarras-korrekcios-plasztikai-mutet.webp 1024w, https:\/\/dreamonmed.com\/wp-content\/uploads\/2024\/10\/mellfelvarras-korrekcios-plasztikai-mutet-300x132.webp 300w, https:\/\/dreamonmed.com\/wp-content\/uploads\/2024\/10\/mellfelvarras-korrekcios-plasztikai-mutet-768x338.webp 768w\" sizes=\"(max-width: 1024px) 100vw, 1024px\" \/><\/span><\/figure><\/div>\n\n\n\n<h2 class=\"wp-block-heading\">Was k\u00f6nnen Sie bei einer Bruststraffung erwarten?<\/h2>\n\n\n\n<h3 class=\"wp-block-heading\">Konsultation<\/h3>\n\n\n\n<p>Vor der Bruststraffung f\u00fchrt unser plastischer Chirurg eine gr\u00fcndliche Beratung mit der Patientin durch und informiert sie \u00fcber die notwendigen Untersuchungen, die je nach Zustand der Patientin vor der Operation durchgef\u00fchrt werden m\u00fcssen. Der Arzt bespricht mit der Patientin ihre Ziele, Erwartungen und die M\u00f6glichkeiten, die w\u00e4hrend der Operation zur Verf\u00fcgung stehen. Je nach Form, Gr\u00f6\u00dfe und Zustand der Brust wird der Arzt einen individuellen Plan erstellen.<\/p>\n\n\n\n<h3 class=\"wp-block-heading\">An\u00e4sthesie\/Klinikaufenthalt<\/h3>\n\n\n\n<p>Die Operation wird unter Vollnarkose durchgef\u00fchrt, um sicherzustellen, dass der Patient w\u00e4hrend des Eingriffs keine Schmerzen versp\u00fcrt und der Chirurg den Eingriff ungest\u00f6rt durchf\u00fchren kann. Nach der Operation ist eine Nacht Klinikaufenthalt erforderlich.<\/p>\n\n\n\n<h3 class=\"wp-block-heading\">Operation<\/h3>\n\n\n\n<p>Bei einer Bruststraffung entfernt der Arzt \u00fcbersch\u00fcssige Haut und Gewebe und formt anschlie\u00dfend die Brustkonturen neu. Er hebt die Brustdr\u00fcse an, strafft die Haut und hebt die h\u00e4ngende Brustwarze an, um ihr ein jugendlicheres Aussehen zu verleihen. Falls erforderlich, k\u00f6nnen Brustimplantate eingesetzt werden, um das Brustvolumen zu vergr\u00f6\u00dfern.<\/p>\n\n\n\n<h3 class=\"wp-block-heading\">Erholung und Nachsorge<\/h3>\n\n\n\n<p>Nach der Bruststraffung kann es zu Schwellungen und Bluterg\u00fcssen kommen, die jedoch mit der Zeit abklingen. W\u00e4hrend der postoperativen Erholungsphase ist es wichtig, die Anweisungen des Arztes zu befolgen. Das Ergebnis ist sofort sichtbar, und die Patientinnen werden eine jugendlichere, straffere und harmonischere Brustkontur erleben. Nach der Operation sollte ein spezieller BH getragen werden. Die Nahtentfernung erfolgt 2-3 Wochen nach dem Eingriff.<\/p>\n\n\n\n<h3 class=\"wp-block-heading\">Ergebnis<\/h3>\n\n\n\n<p>wieder ein straffes und jugendliches Aussehen. Die Bruststraffung bietet den Patientinnen die M\u00f6glichkeit, wieder straffe und jugendliche Br\u00fcste zu bekommen. Die Br\u00fcste werden neu positioniert, was zu mehr Selbstvertrauen und Weiblichkeit f\u00fchrt.<\/p>\n\n\n\n<div class=\"wp-block-stackable-image stk-block-image stk-block stk-8f01e1b\" data-block-id=\"8f01e1b\"><style>.stk-8f01e1b .stk-img-wrapper img{border-radius:20px !important;}<\/style><figure><span class=\"stk-img-wrapper stk-image--shape-stretch\"><img decoding=\"async\" class=\"stk-img wp-image-1417\" src=\"https:\/\/dreamonmed.com\/wp-content\/uploads\/2024\/10\/mellfelvarras-plasztikai-mutet-utan.webp\" width=\"1024\" height=\"450\" alt=\"Weibliche Patientin im rosa Kittel nach der Bruststraffung.\" srcset=\"https:\/\/dreamonmed.com\/wp-content\/uploads\/2024\/10\/mellfelvarras-plasztikai-mutet-utan.webp 1024w, https:\/\/dreamonmed.com\/wp-content\/uploads\/2024\/10\/mellfelvarras-plasztikai-mutet-utan-300x132.webp 300w, https:\/\/dreamonmed.com\/wp-content\/uploads\/2024\/10\/mellfelvarras-plasztikai-mutet-utan-768x338.webp 768w\" sizes=\"(max-width: 1024px) 100vw, 1024px\" \/><\/span><\/figure><\/div>\n\n\n\n<p><strong>Definieren Sie Sch\u00f6nheit und Selbstvertrauen neu mit Dream On Med!<\/strong><\/p>\n\n\n\n<p><strong>Wenn Sie mehr \u00fcber die Operation erfahren oder eine pers\u00f6nliche Beratung vereinbaren m\u00f6chten, kontaktieren Sie uns!<\/strong><\/p>\n","protected":false},"excerpt":{"rendered":"<p>Verj\u00fcngende Konturen und Selbstvertrauen Die Zeit und die Ver\u00e4nderungen im Leben beeinflussen die Form und Festigkeit der Br\u00fcste. Schwangerschaft, Gewichtsverlust oder Alterung k\u00f6nnen dazu f\u00fchren, dass die Br\u00fcste ihre nat\u00fcrliche Kontur und Festigkeit verlieren. Die Bruststraffung ist eine moderne L\u00f6sung der plastischen Chirurgie, die es den Patientinnen erm\u00f6glicht, jugendliche und straffe Brustkonturen wiederzuerlangen und so [&hellip;]<\/p>\n","protected":false},"author":1,"featured_media":934,"parent":127,"menu_order":0,"comment_status":"closed","ping_status":"closed","template":"","meta":{"footnotes":""},"class_list":["post-139","page","type-page","status-publish","has-post-thumbnail","hentry"],"blocksy_meta":[],"_links":{"self":[{"href":"https:\/\/dreamonmed.com\/de\/wp-json\/wp\/v2\/pages\/139","targetHints":{"allow":["GET"]}}],"collection":[{"href":"https:\/\/dreamonmed.com\/de\/wp-json\/wp\/v2\/pages"}],"about":[{"href":"https:\/\/dreamonmed.com\/de\/wp-json\/wp\/v2\/types\/page"}],"author":[{"embeddable":true,"href":"https:\/\/dreamonmed.com\/de\/wp-json\/wp\/v2\/users\/1"}],"replies":[{"embeddable":true,"href":"https:\/\/dreamonmed.com\/de\/wp-json\/wp\/v2\/comments?post=139"}],"version-history":[{"count":0,"href":"https:\/\/dreamonmed.com\/de\/wp-json\/wp\/v2\/pages\/139\/revisions"}],"up":[{"embeddable":true,"href":"https:\/\/dreamonmed.com\/de\/wp-json\/wp\/v2\/pages\/127"}],"wp:featuredmedia":[{"embeddable":true,"href":"https:\/\/dreamonmed.com\/de\/wp-json\/wp\/v2\/media\/934"}],"wp:attachment":[{"href":"https:\/\/dreamonmed.com\/de\/wp-json\/wp\/v2\/media?parent=139"}],"curies":[{"name":"wp","href":"https:\/\/api.w.org\/{rel}","templated":true}]}}