{"id":136,"date":"2024-02-20T13:08:09","date_gmt":"2024-02-20T12:08:09","guid":{"rendered":"https:\/\/dreamonmed.com\/?page_id=136"},"modified":"2024-10-26T11:24:56","modified_gmt":"2024-10-26T09:24:56","slug":"ohrenplastik","status":"publish","type":"page","link":"https:\/\/dreamonmed.com\/de\/gesicht\/ohrenplastik\/","title":{"rendered":"Ohrenplastik"},"content":{"rendered":"\n<p>Die Linien von Gesicht und K\u00f6rper bestimmen unser Aussehen. Abstehende Ohren sind jedoch oft ein st\u00f6rendes Merkmal, das sich negativ auf das Selbstvertrauen und das Selbstbild auswirken kann. Die moderne plastische Chirurgie bietet mit der Ohrenkorrektur eine L\u00f6sung, die nicht nur das Aussehen verbessert, sondern auch das psychosoziale Wohlbefinden f\u00f6rdert.<\/p>\n\n\n\n<div class=\"wp-block-stackable-image stk-block-image stk-block stk-93edf25\" data-block-id=\"93edf25\"><style>.stk-93edf25 .stk-img-wrapper img{border-radius:20px !important;}<\/style><figure><span class=\"stk-img-wrapper stk-image--shape-stretch\"><img fetchpriority=\"high\" decoding=\"async\" class=\"stk-img wp-image-1402\" src=\"https:\/\/dreamonmed.com\/wp-content\/uploads\/2024\/10\/fulkorrekcios-plasztikai-muteti-beavatkozas.webp\" width=\"1024\" height=\"450\" alt=\"Vorher- und Nachher-Ergebnisse der Ohrenkorrektur bei einer weiblichen Patientin, von hinten betrachtet.\" srcset=\"https:\/\/dreamonmed.com\/wp-content\/uploads\/2024\/10\/fulkorrekcios-plasztikai-muteti-beavatkozas.webp 1024w, https:\/\/dreamonmed.com\/wp-content\/uploads\/2024\/10\/fulkorrekcios-plasztikai-muteti-beavatkozas-300x132.webp 300w, https:\/\/dreamonmed.com\/wp-content\/uploads\/2024\/10\/fulkorrekcios-plasztikai-muteti-beavatkozas-768x338.webp 768w\" sizes=\"(max-width: 1024px) 100vw, 1024px\" \/><\/span><\/figure><\/div>\n\n\n\n<h2 class=\"wp-block-heading\">Was k\u00f6nnen Sie bei Ihrer Ohrenkorrektur erwarten?<\/h2>\n\n\n\n<h3 class=\"wp-block-heading\">Beratung und individueller Therapieansatz<\/h3>\n\n\n\n<p>Der Arzt untersucht sorgf\u00e4ltig die Anatomie und die Position der abstehenden Ohren, bestimmt dann die am besten geeignete L\u00f6sung und informiert \u00fcber die notwendigen Untersuchungen, die je nach Zustand des Patienten vor der Operation durchgef\u00fchrt werden m\u00fcssen. W\u00e4hrend der Beratung werden auch die Erwartungen des Patienten ber\u00fccksichtigt, damit das Endergebnis den individuellen Bed\u00fcrfnissen des Patienten entspricht.<\/p>\n\n\n\n<h3 class=\"wp-block-heading\">An\u00e4sthesie<\/h3>\n\n\n\n<p>Der Eingriff wird in der Regel unter Sedierung durchgef\u00fchrt, um den Komfort des Patienten w\u00e4hrend des Eingriffs zu gew\u00e4hrleisten. Sie reduziert Angst und Schmerzen und f\u00f6rdert die Entspannung. Nach der Operation kann der Patient nach einer kurzen Beobachtung mit einer Begleitperson nach Hause gehen.<\/p>\n\n\n\n<h3 class=\"wp-block-heading\">Operation<\/h3>\n\n\n\n<p>Bei der Ohrenkorrektur wird unser plastischer Chirurg die abstehenden Ohren sanft formen und wieder n\u00e4her an den Kopf heranf\u00fchren. W\u00e4hrend des Eingriffs werden Schnitte hinter dem Ohr gesetzt, um die sichtbare Narbenbildung zu minimieren. Muskeln und Bindegewebe werden ebenfalls modifiziert, um die neue Position und das passende Aussehen zu gew\u00e4hrleisten.<\/p>\n\n\n\n<h3 class=\"wp-block-heading\">Erholung und Nachsorge<\/h3>\n\n\n\n<p>Nach einer Ohrenkorrektur brauchen die Patienten Zeit, um zu heilen. Die Patienten m\u00fcssen nach der Operation eine Woche lang einen Verband tragen, um eine effiziente und effektive Heilung zu gew\u00e4hrleisten. Nach der Operation wird der Verband abgenommen und die F\u00e4den werden nach 1 Woche entfernt.<\/p>\n\n\n\n<p><strong>Definieren Sie Sch\u00f6nheit und Selbstvertrauen neu mit Dream On Med!<\/strong><\/p>\n\n\n\n<p><strong>Wenn Sie mehr \u00fcber die Ohren Operation erfahren oder eine pers\u00f6nliche Beratung vereinbaren m\u00f6chten, kontaktieren Sie uns!<\/strong><\/p>\n","protected":false},"excerpt":{"rendered":"<p>Die Linien von Gesicht und K\u00f6rper bestimmen unser Aussehen. Abstehende Ohren sind jedoch oft ein st\u00f6rendes Merkmal, das sich negativ auf das Selbstvertrauen und das Selbstbild auswirken kann. Die moderne plastische Chirurgie bietet mit der Ohrenkorrektur eine L\u00f6sung, die nicht nur das Aussehen verbessert, sondern auch das psychosoziale Wohlbefinden f\u00f6rdert. Was k\u00f6nnen Sie bei Ihrer [&hellip;]<\/p>\n","protected":false},"author":1,"featured_media":577,"parent":126,"menu_order":0,"comment_status":"closed","ping_status":"closed","template":"","meta":{"footnotes":""},"class_list":["post-136","page","type-page","status-publish","has-post-thumbnail","hentry"],"blocksy_meta":[],"_links":{"self":[{"href":"https:\/\/dreamonmed.com\/de\/wp-json\/wp\/v2\/pages\/136","targetHints":{"allow":["GET"]}}],"collection":[{"href":"https:\/\/dreamonmed.com\/de\/wp-json\/wp\/v2\/pages"}],"about":[{"href":"https:\/\/dreamonmed.com\/de\/wp-json\/wp\/v2\/types\/page"}],"author":[{"embeddable":true,"href":"https:\/\/dreamonmed.com\/de\/wp-json\/wp\/v2\/users\/1"}],"replies":[{"embeddable":true,"href":"https:\/\/dreamonmed.com\/de\/wp-json\/wp\/v2\/comments?post=136"}],"version-history":[{"count":0,"href":"https:\/\/dreamonmed.com\/de\/wp-json\/wp\/v2\/pages\/136\/revisions"}],"up":[{"embeddable":true,"href":"https:\/\/dreamonmed.com\/de\/wp-json\/wp\/v2\/pages\/126"}],"wp:featuredmedia":[{"embeddable":true,"href":"https:\/\/dreamonmed.com\/de\/wp-json\/wp\/v2\/media\/577"}],"wp:attachment":[{"href":"https:\/\/dreamonmed.com\/de\/wp-json\/wp\/v2\/media?parent=136"}],"curies":[{"name":"wp","href":"https:\/\/api.w.org\/{rel}","templated":true}]}}