{"id":135,"date":"2024-02-20T13:08:01","date_gmt":"2024-02-20T12:08:01","guid":{"rendered":"https:\/\/dreamonmed.com\/?page_id=135"},"modified":"2024-10-26T11:23:20","modified_gmt":"2024-10-26T09:23:20","slug":"halsstraffung","status":"publish","type":"page","link":"https:\/\/dreamonmed.com\/de\/gesicht\/halsstraffung\/","title":{"rendered":"Halsstraffung"},"content":{"rendered":"\n<p>Mit der Zeit wirken sich die nat\u00fcrlichen Alterungsprozesse von Haut und Muskeln auch auf den Halsbereich aus. Dank der Innovationen in der modernen \u00e4sthetischen Medizin ist es heute jedoch m\u00f6glich, einen j\u00fcngeren und strafferen Hals zu schaffen. Ein Halslifting ist ein Eingriff, der dazu beitr\u00e4gt, der Hals- und Kinnpartie wieder jugendliche Konturen zu verleihen und so das Selbstbewusstsein und die Zufriedenheit der Patienten zu steigern.<\/p>\n\n\n\n<div class=\"wp-block-stackable-image stk-block-image stk-block stk-e9a8683\" data-block-id=\"e9a8683\"><style>.stk-e9a8683 .stk-img-wrapper img{border-radius:20px !important;}<\/style><figure><span class=\"stk-img-wrapper stk-image--shape-stretch\"><img fetchpriority=\"high\" decoding=\"async\" class=\"stk-img wp-image-1399\" src=\"https:\/\/dreamonmed.com\/wp-content\/uploads\/2024\/10\/nyakplasztika-plasztikai-mutet.webp\" width=\"1024\" height=\"450\" alt=\"Weibliche Patientin f\u00fchrt eine straffende Bewegung vor dem Zustand der Halsstraffung aus, um jugendliche Haut zu erhalten.\" srcset=\"https:\/\/dreamonmed.com\/wp-content\/uploads\/2024\/10\/nyakplasztika-plasztikai-mutet.webp 1024w, https:\/\/dreamonmed.com\/wp-content\/uploads\/2024\/10\/nyakplasztika-plasztikai-mutet-300x132.webp 300w, https:\/\/dreamonmed.com\/wp-content\/uploads\/2024\/10\/nyakplasztika-plasztikai-mutet-768x338.webp 768w\" sizes=\"(max-width: 1024px) 100vw, 1024px\" \/><\/span><\/figure><\/div>\n\n\n\n<h2 class=\"wp-block-heading\">Was k\u00f6nnen Sie bei einem Halslifting erwarten?<\/h2>\n\n\n\n<h3 class=\"wp-block-heading\">Konsultation<\/h3>\n\n\n\n<p>Der Patient trifft sich mit dem plastischen Chirurgen, um die Erwartungen und M\u00f6glichkeiten zu besprechen. Unser plastischer Chirurg wird Ihre individuelle Situation beurteilen und das am besten geeignete Verfahren empfehlen. Er wird Sie \u00fcber die notwendigen Untersuchungen informieren, die je nach Zustand des Patienten vor der Operation durchgef\u00fchrt werden m\u00fcssen.<\/p>\n\n\n\n<h3 class=\"wp-block-heading\">An\u00e4sthesie\/Klinikaufenthalt<\/h3>\n\n\n\n<p>Die Operation wird unter Vollnarkose durchgef\u00fchrt, um sicherzustellen, dass der Patient w\u00e4hrend des Eingriffs keine Schmerzen versp\u00fcrt und der Chirurg den Eingriff ungest\u00f6rt durchf\u00fchren kann. Nach der Operation ist eine Nacht Klinikaufenthalt erforderlich.<\/p>\n\n\n\n<h3 class=\"wp-block-heading\">Operation<\/h3>\n\n\n\n<p>Die Operation wird mit modernsten Techniken und von erfahrenen Fachleuten durchgef\u00fchrt. W\u00e4hrend des Eingriffs macht der Arzt einen sorgf\u00e4ltigen Schnitt hinter dem Ohr und im Haaransatz, um die Muskeln und das Bindegewebe zu erreichen und zu straffen. \u00dcbersch\u00fcssige Haut wird entfernt und der Bereich neu geformt, um ein harmonischeres und jugendlicheres Aussehen zu erzielen. Der Arzt achtet darauf, dass die Narben so unauff\u00e4llig wie m\u00f6glich sind und sich nat\u00fcrlich in die Hautkonturen einf\u00fcgen.<\/p>\n\n\n\n<h3 class=\"wp-block-heading\">Erholung und Nachsorge<\/h3>\n\n\n\n<p>Nach der Operation braucht der Patient Zeit, um sich zu erholen. Um den Heilungsprozess zu verk\u00fcrzen und das Gesicht zu sch\u00fctzen, m\u00fcssen Sie etwa 1 Woche lang einen von uns bereitgestellten Spezialverband tragen. Eine K\u00fchlung des Operationsgebietes ist notwendig. Die Entfernung der F\u00e4den erfolgt etwa 14 Tage nach der Operation. In dieser Zeit haben sich die durch die Operation verursachten Bluterg\u00fcsse und bl\u00e4ulich-gr\u00fcnen Flecken zur\u00fcckgebildet.<\/p>\n\n\n\n<h3 class=\"wp-block-heading\">Ergebnis<\/h3>\n\n\n\n<p>Die Hals- und Kinnpartie sieht jugendlicher, straffer und konturierter aus. Das gest\u00e4rkte Selbstvertrauen und das erneuerte Aussehen wirken sich im Allgemeinen positiv auf die Lebensqualit\u00e4t und das Selbstwertgef\u00fchl der Patienten aus.<\/p>\n\n\n\n<p>Eine Halsstraffung hilft, die sichtbaren Zeichen des Alterns r\u00fcckg\u00e4ngig zu machen und gibt Ihnen die M\u00f6glichkeit, wieder ein jugendlicheres und selbstbewussteres Aussehen zu erzielen.<\/p>\n\n\n\n<p><strong>Definieren Sie Sch\u00f6nheit und Selbstvertrauen neu mit Dream On Med!<\/strong><\/p>\n\n\n\n<p><strong>Wenn Sie mehr \u00fcber die Halsstraffung Operation erfahren oder eine pers\u00f6nliche Beratung vereinbaren m\u00f6chten, kontaktieren Sie uns!<\/strong><\/p>\n","protected":false},"excerpt":{"rendered":"<p>Mit der Zeit wirken sich die nat\u00fcrlichen Alterungsprozesse von Haut und Muskeln auch auf den Halsbereich aus. Dank der Innovationen in der modernen \u00e4sthetischen Medizin ist es heute jedoch m\u00f6glich, einen j\u00fcngeren und strafferen Hals zu schaffen. Ein Halslifting ist ein Eingriff, der dazu beitr\u00e4gt, der Hals- und Kinnpartie wieder jugendliche Konturen zu verleihen und [&hellip;]<\/p>\n","protected":false},"author":1,"featured_media":583,"parent":126,"menu_order":0,"comment_status":"closed","ping_status":"closed","template":"","meta":{"footnotes":""},"class_list":["post-135","page","type-page","status-publish","has-post-thumbnail","hentry"],"blocksy_meta":[],"_links":{"self":[{"href":"https:\/\/dreamonmed.com\/de\/wp-json\/wp\/v2\/pages\/135","targetHints":{"allow":["GET"]}}],"collection":[{"href":"https:\/\/dreamonmed.com\/de\/wp-json\/wp\/v2\/pages"}],"about":[{"href":"https:\/\/dreamonmed.com\/de\/wp-json\/wp\/v2\/types\/page"}],"author":[{"embeddable":true,"href":"https:\/\/dreamonmed.com\/de\/wp-json\/wp\/v2\/users\/1"}],"replies":[{"embeddable":true,"href":"https:\/\/dreamonmed.com\/de\/wp-json\/wp\/v2\/comments?post=135"}],"version-history":[{"count":0,"href":"https:\/\/dreamonmed.com\/de\/wp-json\/wp\/v2\/pages\/135\/revisions"}],"up":[{"embeddable":true,"href":"https:\/\/dreamonmed.com\/de\/wp-json\/wp\/v2\/pages\/126"}],"wp:featuredmedia":[{"embeddable":true,"href":"https:\/\/dreamonmed.com\/de\/wp-json\/wp\/v2\/media\/583"}],"wp:attachment":[{"href":"https:\/\/dreamonmed.com\/de\/wp-json\/wp\/v2\/media?parent=135"}],"curies":[{"name":"wp","href":"https:\/\/api.w.org\/{rel}","templated":true}]}}