{"id":133,"date":"2024-02-20T13:07:52","date_gmt":"2024-02-20T12:07:52","guid":{"rendered":"https:\/\/dreamonmed.com\/?page_id=133"},"modified":"2024-10-26T11:22:06","modified_gmt":"2024-10-26T09:22:06","slug":"facelifting","status":"publish","type":"page","link":"https:\/\/dreamonmed.com\/de\/gesicht\/facelifting\/","title":{"rendered":"Facelifting"},"content":{"rendered":"\n<p>Mit der Zeit verliert unsere Haut ihre Elastizit\u00e4t und Festigkeit. Infolgedessen beginnen sich die Gesichtskonturen zu ver\u00e4ndern und Falten und Runzeln erscheinen.<\/p>\n\n\n\n<div class=\"wp-block-stackable-image stk-block-image stk-block stk-3c7b2de\" data-block-id=\"3c7b2de\"><style>.stk-3c7b2de .stk-img-wrapper img{border-radius:20px !important;}<\/style><figure><span class=\"stk-img-wrapper stk-image--shape-stretch\"><img fetchpriority=\"high\" decoding=\"async\" class=\"stk-img wp-image-1393\" src=\"https:\/\/dreamonmed.com\/wp-content\/uploads\/2024\/10\/teljes-arcplasztikai-muteti-beavatkozas.webp\" width=\"1024\" height=\"450\" alt=\"L\u00e4chelndes Gesicht einer Frau, \u00e4rztliche H\u00e4nde f\u00fchren die Beratung vor der Gesichtsstraffung durch, in wei\u00dfen Handschuhen.\" srcset=\"https:\/\/dreamonmed.com\/wp-content\/uploads\/2024\/10\/teljes-arcplasztikai-muteti-beavatkozas.webp 1024w, https:\/\/dreamonmed.com\/wp-content\/uploads\/2024\/10\/teljes-arcplasztikai-muteti-beavatkozas-300x132.webp 300w, https:\/\/dreamonmed.com\/wp-content\/uploads\/2024\/10\/teljes-arcplasztikai-muteti-beavatkozas-768x338.webp 768w\" sizes=\"(max-width: 1024px) 100vw, 1024px\" \/><\/span><\/figure><\/div>\n\n\n\n<p>Die FaceLifting Operation ist ein chirurgischer Eingriff, der das Ziel hat, die Zeichen der Alterung im Gesicht und am Hals zu reduzieren und ein jugendlicheres Aussehen wiederherzustellen. W\u00e4hrend des Eingriffs entfernt der Arzt \u00fcbersch\u00fcssige Haut, strafft die Muskeln und die Kieferlinie und stellt die Gesichtskonturen wieder her. Der Eingriff sorgt f\u00fcr ein jugendlicheres, strafferes und frischeres Aussehen des Gesichts.<\/p>\n\n\n\n<h2 class=\"wp-block-heading\">Was k\u00f6nnen Sie bei einem Facelifting erwarten?<\/h2>\n\n\n\n<div class=\"wp-block-stackable-image stk-block-image stk-block stk-2a19729\" data-block-id=\"2a19729\"><style>.stk-2a19729 .stk-img-wrapper img{border-radius:20px !important;}<\/style><figure><span class=\"stk-img-wrapper stk-image--shape-stretch\"><img decoding=\"async\" class=\"stk-img wp-image-1396\" src=\"https:\/\/dreamonmed.com\/wp-content\/uploads\/2024\/10\/arcplasztikai-muteti-beavatkozas.webp\" width=\"1024\" height=\"450\" alt=\"Vergleich der Vorher- und Nachher-Ergebnisse einer Gesichtsstraffung bei einer weiblichen Patientin, sichtbare Reduzierung der Falten.\" srcset=\"https:\/\/dreamonmed.com\/wp-content\/uploads\/2024\/10\/arcplasztikai-muteti-beavatkozas.webp 1024w, https:\/\/dreamonmed.com\/wp-content\/uploads\/2024\/10\/arcplasztikai-muteti-beavatkozas-300x132.webp 300w, https:\/\/dreamonmed.com\/wp-content\/uploads\/2024\/10\/arcplasztikai-muteti-beavatkozas-768x338.webp 768w\" sizes=\"(max-width: 1024px) 100vw, 1024px\" \/><\/span><\/figure><\/div>\n\n\n\n<h3 class=\"wp-block-heading\">Konsultation<\/h3>\n\n\n\n<p>Der Patient trifft sich mit dem plastischen Chirurgen, um Erwartungen und M\u00f6glichkeiten zu besprechen. Unser plastischer Chirurg wird Ihre individuelle Situation beurteilen und das am besten geeignete Verfahren empfehlen. Er wird Sie \u00fcber die notwendigen Untersuchungen informieren, die je nach Zustand des Patienten vor der Operation durchgef\u00fchrt werden m\u00fcssen.<\/p>\n\n\n\n<h3 class=\"wp-block-heading\">An\u00e4sthesie\/Klinikaufenthalt<\/h3>\n\n\n\n<p>Die Operation wird unter Vollnarkose durchgef\u00fchrt, um sicherzustellen, dass der Patient w\u00e4hrend des Eingriffs keine Schmerzen versp\u00fcrt und der Chirurg den Eingriff ungest\u00f6rt durchf\u00fchren kann. Nach der Operation ist eine Nacht Klinikaufenthalt erforderlich.<\/p>\n\n\n\n<h3 class=\"wp-block-heading\">Operation<\/h3>\n\n\n\n<p>Die Operation wird mit modernsten Techniken und von erfahrenen Fachleuten durchgef\u00fchrt. W\u00e4hrend des Eingriffs macht unser plastischer Chirurg einen Schnitt am Rand der Kopfhaut, vor und hinter dem Ohr. \u00dcber diese d\u00fcnnen Schnitte erh\u00e4lt er Zugang zu tieferen Schichten, wie Muskeln und Bindegewebe. W\u00e4hrend des Eingriffs entfernt der Arzt \u00fcbersch\u00fcssige Haut und Fett und strafft anschlie\u00dfend die Muskeln des Gesichts und des Kieferknochens. Anschlie\u00dfend wird die Haut zur\u00fcckgezogen und neu positioniert, um ein nat\u00fcrliches und jugendliches Aussehen zu erzielen. Als Ergebnis des Eingriffs werden Falten deutlich reduziert und die Gesichtskonturen werden wieder verbessert.<\/p>\n\n\n\n<h3 class=\"wp-block-heading\">Erholung und Nachsorge<\/h3>\n\n\n\n<p>Nach der Operation braucht der Patient Zeit, um sich zu erholen. Um den Heilungsprozess zu verk\u00fcrzen und das Gesicht zu sch\u00fctzen, m\u00fcssen Sie etwa 1 Woche lang einen von uns bereitgestellten Spezialverband tragen. Eine K\u00fchlung des Operationsgebietes ist notwendig. Die Entfernung der F\u00e4den erfolgt etwa 14 Tage nach der Operation. In dieser Zeit haben sich die durch die Operation verursachten Bluterg\u00fcsse und bl\u00e4ulich-gr\u00fcnen Flecken zur\u00fcckgebildet.<\/p>\n\n\n\n<h3 class=\"wp-block-heading\">Ergebnis<\/h3>\n\n\n\n<p>Das Ziel der Operation ist keine k\u00fcnstliche Versch\u00f6nerung, kein \u00fcberstrapazierter Gesichtsausdruck, sondern eine altersgerechte Verfeinerung, die die nat\u00fcrliche Sch\u00f6nheit des Gesichts hervorhebt und den Patienten j\u00fcnger, frischer und ausgeruhter aussehen l\u00e4sst.<\/p>\n\n\n\n<p>Die FaceLifting-Operation ist eine gro\u00dfartige Option f\u00fcr diejenigen, die lang anhaltende und sichtbare Ergebnisse bei der Gesichtsverj\u00fcngung erzielen m\u00f6chten.<\/p>\n\n\n\n<p><strong>Definieren Sie Sch\u00f6nheit und Selbstvertrauen neu mit Dream On Med!<\/strong><\/p>\n\n\n\n<p><strong>Wenn Sie mehr \u00fcber die Face Lifting Operation erfahren oder eine pers\u00f6nliche Beratung vereinbaren m\u00f6chten, kontaktieren Sie uns!<\/strong><\/p>\n\n\n\n<p><\/p>\n","protected":false},"excerpt":{"rendered":"<p>Mit der Zeit verliert unsere Haut ihre Elastizit\u00e4t und Festigkeit. Infolgedessen beginnen sich die Gesichtskonturen zu ver\u00e4ndern und Falten und Runzeln erscheinen. Die FaceLifting Operation ist ein chirurgischer Eingriff, der das Ziel hat, die Zeichen der Alterung im Gesicht und am Hals zu reduzieren und ein jugendlicheres Aussehen wiederherzustellen. W\u00e4hrend des Eingriffs entfernt der Arzt [&hellip;]<\/p>\n","protected":false},"author":1,"featured_media":598,"parent":126,"menu_order":0,"comment_status":"closed","ping_status":"closed","template":"","meta":{"footnotes":""},"class_list":["post-133","page","type-page","status-publish","has-post-thumbnail","hentry"],"blocksy_meta":[],"_links":{"self":[{"href":"https:\/\/dreamonmed.com\/de\/wp-json\/wp\/v2\/pages\/133","targetHints":{"allow":["GET"]}}],"collection":[{"href":"https:\/\/dreamonmed.com\/de\/wp-json\/wp\/v2\/pages"}],"about":[{"href":"https:\/\/dreamonmed.com\/de\/wp-json\/wp\/v2\/types\/page"}],"author":[{"embeddable":true,"href":"https:\/\/dreamonmed.com\/de\/wp-json\/wp\/v2\/users\/1"}],"replies":[{"embeddable":true,"href":"https:\/\/dreamonmed.com\/de\/wp-json\/wp\/v2\/comments?post=133"}],"version-history":[{"count":0,"href":"https:\/\/dreamonmed.com\/de\/wp-json\/wp\/v2\/pages\/133\/revisions"}],"up":[{"embeddable":true,"href":"https:\/\/dreamonmed.com\/de\/wp-json\/wp\/v2\/pages\/126"}],"wp:featuredmedia":[{"embeddable":true,"href":"https:\/\/dreamonmed.com\/de\/wp-json\/wp\/v2\/media\/598"}],"wp:attachment":[{"href":"https:\/\/dreamonmed.com\/de\/wp-json\/wp\/v2\/media?parent=133"}],"curies":[{"name":"wp","href":"https:\/\/api.w.org\/{rel}","templated":true}]}}