{"id":131,"date":"2024-02-20T13:07:20","date_gmt":"2024-02-20T12:07:20","guid":{"rendered":"https:\/\/dreamonmed.com\/?page_id=131"},"modified":"2024-10-26T11:21:22","modified_gmt":"2024-10-26T09:21:22","slug":"oberlidstraffung","status":"publish","type":"page","link":"https:\/\/dreamonmed.com\/de\/gesicht\/oberlidstraffung\/","title":{"rendered":"Oberlidstraffung"},"content":{"rendered":"\n<h2 class=\"wp-block-heading\">Nat\u00fcrliche Sch\u00f6nheit&nbsp;und Selbstvertrauen mit der Oberlidplastik<\/h2>\n\n\n\n<p>Unsere Augen und ihre Umgebung ver\u00e4ndern sich im Laufe unseres Lebens st\u00e4ndig. Die Erschlaffung der Augenlider ist Teil des nat\u00fcrlichen Alterungsprozesses, sie kann aber auch genetische Ursachen haben.<\/p>\n\n\n\n<div class=\"wp-block-stackable-image stk-block-image stk-block stk-61a0607\" data-block-id=\"61a0607\"><style>.stk-61a0607 .stk-img-wrapper img{border-radius:20px !important;}<\/style><figure><span class=\"stk-img-wrapper stk-image--shape-stretch\"><img fetchpriority=\"high\" decoding=\"async\" class=\"stk-img wp-image-1387\" src=\"https:\/\/dreamonmed.com\/wp-content\/uploads\/2024\/10\/felso-szemhejplaszika-sopron.webp\" width=\"1024\" height=\"450\" alt=\"Gesicht einer weiblichen Patientin mit straffer und glatter Haut um die Augenpartie nach einer oberen Augenlidstraffung.\" srcset=\"https:\/\/dreamonmed.com\/wp-content\/uploads\/2024\/10\/felso-szemhejplaszika-sopron.webp 1024w, https:\/\/dreamonmed.com\/wp-content\/uploads\/2024\/10\/felso-szemhejplaszika-sopron-300x132.webp 300w, https:\/\/dreamonmed.com\/wp-content\/uploads\/2024\/10\/felso-szemhejplaszika-sopron-768x338.webp 768w\" sizes=\"(max-width: 1024px) 100vw, 1024px\" \/><\/span><\/figure><\/div>\n\n\n\n<p>Der Eingriff ist eine spezielle chirurgische L\u00f6sung, die aus \u00e4sthetischen und\/oder funktionellen Gr\u00fcnden durchgef\u00fchrt wird, um die Oberlidpartie zu verj\u00fcngen, die Alterungszeichen zu reduzieren und\/oder die Sehkraft zu verbessern.<\/p>\n\n\n\n<h3 class=\"wp-block-heading\">Warum sollten Sie eine Oberlidplastik in Betracht ziehen?<\/h3>\n\n\n\n<ul class=\"wp-block-list\">\n<li><strong>Jugendliches Aussehen<\/strong>: das Ergebnis ist ein jugendlicheres, strafferes Aussehen, Sie f\u00fchlen sich selbstbewusster und gewinnen Ihr Selbstvertrauen zur\u00fcck.<\/li>\n\n\n\n<li><strong>Milderung der Zeichen des Alterns<\/strong>: die plastische Chirurgie kann die Zeichen des Alters reduzieren und Sie wieder frisch und jugendlich aussehen lassen.<\/li>\n\n\n\n<li><strong>Verbesserung des Sehverm\u00f6gens<\/strong>: \u00dcbersch\u00fcssige Haut oder Gewebe am oberen Augenlid kann mit der Zeit zu Sehst\u00f6rungen f\u00fchren. Der plastische Chirurg entfernt dieses Hindernis und verbessert so die Sehkraft und das Sichtfeld.<\/li>\n<\/ul>\n\n\n\n<h2 class=\"wp-block-heading\">Was k\u00f6nnen Sie bei einer Oberlidplastik erwarten?<\/h2>\n\n\n\n<div class=\"wp-block-stackable-image stk-block-image stk-block stk-cd69ce3\" data-block-id=\"cd69ce3\"><style>.stk-cd69ce3 .stk-img-wrapper img{border-radius:20px !important;}<\/style><figure><span class=\"stk-img-wrapper stk-image--shape-stretch\"><img decoding=\"async\" class=\"stk-img wp-image-1390\" src=\"https:\/\/dreamonmed.com\/wp-content\/uploads\/2024\/10\/felso-szemhejplaszikai-muteti-beavatkozas.webp\" width=\"1024\" height=\"450\" alt=\"Der plastische Chirurg f\u00fchrt vor der oberen Augenlidstraffung Markierungen an einer weiblichen Patientin durch.\" srcset=\"https:\/\/dreamonmed.com\/wp-content\/uploads\/2024\/10\/felso-szemhejplaszikai-muteti-beavatkozas.webp 1024w, https:\/\/dreamonmed.com\/wp-content\/uploads\/2024\/10\/felso-szemhejplaszikai-muteti-beavatkozas-300x132.webp 300w, https:\/\/dreamonmed.com\/wp-content\/uploads\/2024\/10\/felso-szemhejplaszikai-muteti-beavatkozas-768x338.webp 768w\" sizes=\"(max-width: 1024px) 100vw, 1024px\" \/><\/span><\/figure><\/div>\n\n\n\n<h3 class=\"wp-block-heading\">Konsultation<\/h3>\n\n\n\n<p>Unser plastischer Chirurg wird Ihre pers\u00f6nliche Situation beurteilen und das am besten geeignete Verfahren empfehlen. Er wird Sie \u00fcber die notwendigen Untersuchungen informieren, die je nach Zustand des Patienten vor der Operation durchgef\u00fchrt werden m\u00fcssen.<\/p>\n\n\n\n<h3 class=\"wp-block-heading\">An\u00e4sthesie<\/h3>\n\n\n\n<p>Der Eingriff wird in der Regel unter Sedierung durchgef\u00fchrt, um den Komfort des Patienten w\u00e4hrend des Eingriffs zu gew\u00e4hrleisten. Sie reduziert Angst und Schmerzen und f\u00f6rdert die Entspannung. Nach der Operation kann der Patient nach einer kurzen Beobachtung mit einer Begleitperson nach Hause gehen.<\/p>\n\n\n\n<h3 class=\"wp-block-heading\">Operation<\/h3>\n\n\n\n<p>Die Operation wird mit modernsten Techniken und von erfahrenen Fachleuten durchgef\u00fchrt. \u00dcbersch\u00fcssige Haut, Fett und Gewebe werden entfernt, dann wird die Wunde sorgf\u00e4ltig vern\u00e4ht und mit Klebestreifen befestigt. Dies minimiert die Narbenbildung und die Heilungszeit.<\/p>\n\n\n\n<h3 class=\"wp-block-heading\">Erholung und Nachsorge<\/h3>\n\n\n\n<p>Nach der Operation braucht der Patient Zeit, um sich zu erholen. Eine K\u00fchlung der Operationsstelle ist notwendig, ebenso wie die Verwendung von Augentropfen, die mit allen Anweisungen bereitgestellt werden. Die Nahtentfernung erfolgt 7-10 Tage nach dem Eingriff.<\/p>\n\n\n\n<h3 class=\"wp-block-heading\">Ergebnis<\/h3>\n\n\n\n<p>Nach dem Heilungsprozess ist das Ergebnis ein frisches, nat\u00fcrliches Aussehen, das Ihnen Ihre jugendliche Ausstrahlung zur\u00fcckgibt.<\/p>\n\n\n\n<p><strong>Definieren Sie Sch\u00f6nheit und Selbstvertrauen neu mit Dream On Med!<\/strong><\/p>\n\n\n\n<p><strong>Wenn Sie mehr \u00fcber die Oberlidoperation erfahren oder eine pers\u00f6nliche Beratung vereinbaren m\u00f6chten, kontaktieren Sie uns!<\/strong><\/p>\n","protected":false},"excerpt":{"rendered":"<p>Nat\u00fcrliche Sch\u00f6nheit&nbsp;und Selbstvertrauen mit der Oberlidplastik Unsere Augen und ihre Umgebung ver\u00e4ndern sich im Laufe unseres Lebens st\u00e4ndig. Die Erschlaffung der Augenlider ist Teil des nat\u00fcrlichen Alterungsprozesses, sie kann aber auch genetische Ursachen haben. Der Eingriff ist eine spezielle chirurgische L\u00f6sung, die aus \u00e4sthetischen und\/oder funktionellen Gr\u00fcnden durchgef\u00fchrt wird, um die Oberlidpartie zu verj\u00fcngen, die [&hellip;]<\/p>\n","protected":false},"author":1,"featured_media":565,"parent":126,"menu_order":0,"comment_status":"closed","ping_status":"closed","template":"","meta":{"footnotes":""},"class_list":["post-131","page","type-page","status-publish","has-post-thumbnail","hentry"],"blocksy_meta":[],"_links":{"self":[{"href":"https:\/\/dreamonmed.com\/de\/wp-json\/wp\/v2\/pages\/131","targetHints":{"allow":["GET"]}}],"collection":[{"href":"https:\/\/dreamonmed.com\/de\/wp-json\/wp\/v2\/pages"}],"about":[{"href":"https:\/\/dreamonmed.com\/de\/wp-json\/wp\/v2\/types\/page"}],"author":[{"embeddable":true,"href":"https:\/\/dreamonmed.com\/de\/wp-json\/wp\/v2\/users\/1"}],"replies":[{"embeddable":true,"href":"https:\/\/dreamonmed.com\/de\/wp-json\/wp\/v2\/comments?post=131"}],"version-history":[{"count":0,"href":"https:\/\/dreamonmed.com\/de\/wp-json\/wp\/v2\/pages\/131\/revisions"}],"up":[{"embeddable":true,"href":"https:\/\/dreamonmed.com\/de\/wp-json\/wp\/v2\/pages\/126"}],"wp:featuredmedia":[{"embeddable":true,"href":"https:\/\/dreamonmed.com\/de\/wp-json\/wp\/v2\/media\/565"}],"wp:attachment":[{"href":"https:\/\/dreamonmed.com\/de\/wp-json\/wp\/v2\/media?parent=131"}],"curies":[{"name":"wp","href":"https:\/\/api.w.org\/{rel}","templated":true}]}}