{"id":1299,"date":"2024-02-20T13:14:36","date_gmt":"2024-02-20T12:14:36","guid":{"rendered":"https:\/\/dreamonmed.com\/munkatarsaink\/"},"modified":"2025-11-12T12:50:39","modified_gmt":"2025-11-12T11:50:39","slug":"team","status":"publish","type":"page","link":"https:\/\/dreamonmed.com\/de\/team\/","title":{"rendered":"Team"},"content":{"rendered":"\n<div class=\"wp-block-stackable-columns stk-block-columns stk-block stk-0d6c4c3\" data-block-id=\"0d6c4c3\"><style>.stk-0d6c4c3 {margin-bottom:25px !important;}<\/style><div class=\"stk-row stk-inner-blocks stk-block-content stk-content-align stk-0d6c4c3-column\">\n<div class=\"wp-block-stackable-column stk-block-column stk-column stk-block stk-2d2015f\" data-v=\"4\" data-block-id=\"2d2015f\"><div class=\"stk-column-wrapper stk-block-column__content stk-container stk-2d2015f-container stk--no-background stk--no-padding\"><div class=\"stk-block-content stk-inner-blocks stk-2d2015f-inner-blocks\">\n<div class=\"wp-block-stackable-card stk-block-card stk-block stk-6947650 is-style-default-2\" data-v=\"2\" data-block-id=\"6947650\"><style>.stk-6947650 {border-top-left-radius:20px !important;border-top-right-radius:20px !important;border-bottom-right-radius:20px !important;border-bottom-left-radius:20px !important;overflow:hidden !important;}.stk-6947650 .stk-block-card__content{min-height:150px !important;}.stk-6947650 .stk-block-card__image img{object-position:45% 17% !important;}<\/style><div class=\"stk--no-padding stk-container stk-6947650-container stk-hover-parent\"><figure class=\"stk-block-card__image stk-img-wrapper stk-image--shape-stretch\"><img fetchpriority=\"high\" decoding=\"async\" class=\"stk-img wp-image-510\" src=\"https:\/\/dreamonmed.com\/wp-content\/uploads\/2024\/02\/adj-dr-gorcsi-facharzt-fur-chirurgie-asthetik-plastische-chirurgie-verbrennungschirurgie.jpg\" width=\"450\" height=\"675\" alt=\"Adj. Dr. Gorcsi Fachart, Dream On Med plastic\" srcset=\"https:\/\/dreamonmed.com\/wp-content\/uploads\/2024\/02\/adj-dr-gorcsi-facharzt-fur-chirurgie-asthetik-plastische-chirurgie-verbrennungschirurgie.jpg 450w, https:\/\/dreamonmed.com\/wp-content\/uploads\/2024\/02\/adj-dr-gorcsi-facharzt-fur-chirurgie-asthetik-plastische-chirurgie-verbrennungschirurgie-200x300.jpg 200w\" sizes=\"(max-width: 450px) 100vw, 450px\" \/><\/figure><div class=\"stk-container-padding stk-block-card__content\"><div class=\"stk-block-content stk-inner-blocks stk-6947650-inner-blocks\">\n<div class=\"wp-block-stackable-heading stk-block-heading stk-block-heading--v2 stk-block stk-477c731\" id=\"adj-dr-gorcsi-janos\" data-block-id=\"477c731\"><style>.stk-477c731 .stk-block-heading__text{font-size:25px !important;color:var(--theme-palette-color-2, #CA8A60) !important;}@media screen and (max-width:999px){.stk-477c731 .stk-block-heading__text{font-size:25px !important;}}<\/style><h2 class=\"stk-block-heading__text has-text-color has-text-align-center\">Adj. Dr. G\u00f6rcsi J\u00e1nos<\/h2><\/div>\n\n\n\n<div class=\"wp-block-stackable-subtitle stk-block-subtitle stk-block stk-d99e4ea\" data-block-id=\"d99e4ea\"><p class=\"stk-block-subtitle__text stk-subtitle has-text-align-center\">Facharzt f\u00fcr chirurgie, \u00e4sthetik und plastische chirurgie und verbrennungschirurgie<\/p><\/div>\n<\/div><\/div><a class=\"stk-link stk-block-link stk--transparent-overlay\" href=\"https:\/\/dreamonmed.com\/de\/team\/adj-dr-goercsi-janos-facharzt-fur-chirurgie-asthetik-plastische-chirurgie\/\" aria-hidden=\"true\" tabindex=\"-1\"><\/a><\/div><\/div>\n<\/div><\/div><\/div>\n\n\n\n<div class=\"wp-block-stackable-column stk-block-column stk-column stk-block stk-e117189\" data-v=\"4\" data-block-id=\"e117189\"><div class=\"stk-column-wrapper stk-block-column__content stk-container stk-e117189-container stk--no-background stk--no-padding\"><div class=\"stk-block-content stk-inner-blocks stk-e117189-inner-blocks\">\n<div class=\"wp-block-stackable-card stk-block-card stk-block stk-308fb0e is-style-default\" data-v=\"2\" data-block-id=\"308fb0e\"><style>.stk-308fb0e {border-top-left-radius:20px !important;border-top-right-radius:20px !important;border-bottom-right-radius:20px !important;border-bottom-left-radius:20px !important;overflow:hidden !important;}.stk-308fb0e .stk-block-card__content{min-height:205px !important;}.stk-308fb0e .stk-block-card__image img{object-position:54% 15% !important;}<\/style><div class=\"stk--no-padding stk-container stk-308fb0e-container stk-hover-parent\"><figure class=\"stk-block-card__image stk-img-wrapper stk-image--shape-stretch\"><img decoding=\"async\" class=\"stk-img wp-image-1684\" src=\"https:\/\/dreamonmed.com\/wp-content\/uploads\/2025\/11\/dr-sarvari-katalin-facharztin-fur-chirurgie-und-gefaschirurgie-sopron.webp\" width=\"1365\" height=\"910\" alt=\"Dr S\u00e1rv\u00e1ri Katalin, Facharzt f\u00fcr An\u00e4sthesie und Intensivmedizin, Schmerztherapeut, Dream On Med plastic\" srcset=\"https:\/\/dreamonmed.com\/wp-content\/uploads\/2025\/11\/dr-sarvari-katalin-facharztin-fur-chirurgie-und-gefaschirurgie-sopron.webp 1365w, https:\/\/dreamonmed.com\/wp-content\/uploads\/2025\/11\/dr-sarvari-katalin-facharztin-fur-chirurgie-und-gefaschirurgie-sopron-300x200.webp 300w, https:\/\/dreamonmed.com\/wp-content\/uploads\/2025\/11\/dr-sarvari-katalin-facharztin-fur-chirurgie-und-gefaschirurgie-sopron-1024x683.webp 1024w, https:\/\/dreamonmed.com\/wp-content\/uploads\/2025\/11\/dr-sarvari-katalin-facharztin-fur-chirurgie-und-gefaschirurgie-sopron-768x512.webp 768w\" sizes=\"(max-width: 1365px) 100vw, 1365px\" \/><\/figure><div class=\"stk-container-padding stk-block-card__content\"><div class=\"stk-block-content stk-inner-blocks stk-308fb0e-inner-blocks\">\n<div class=\"wp-block-stackable-heading stk-block-heading stk-block-heading--v2 stk-block stk-9c8c842\" id=\"dr-sarvari-katalin\" data-block-id=\"9c8c842\"><style>.stk-9c8c842 .stk-block-heading__text{font-size:25px !important;color:var(--theme-palette-color-2, #CA8A60) !important;}@media screen and (max-width:999px){.stk-9c8c842 .stk-block-heading__text{font-size:25px !important;}}<\/style><h2 class=\"stk-block-heading__text has-text-color has-text-align-center\">Dr. S\u00e1rv\u00e1ri Katalin<\/h2><\/div>\n\n\n\n<div class=\"wp-block-stackable-subtitle stk-block-subtitle stk-block stk-c086f0d\" data-block-id=\"c086f0d\"><p class=\"stk-block-subtitle__text stk-subtitle has-text-align-center\">Fach\u00e4rztin f\u00fcr Chirurgie und Gef\u00e4\u00dfchirurgie<\/p><\/div>\n<\/div><\/div><a class=\"stk-link stk-block-link stk--transparent-overlay\" href=\"https:\/\/dreamonmed.com\/de\/team\/dr-sarvari-katalin-facharztin-fur-chirurgie-und-gefaschirurgie\/\" aria-hidden=\"true\" tabindex=\"-1\"><\/a><\/div><\/div>\n<\/div><\/div><\/div>\n\n\n\n<div class=\"wp-block-stackable-column stk-block-column stk-column stk-block stk-e8a6c77\" data-v=\"4\" data-block-id=\"e8a6c77\"><div class=\"stk-column-wrapper stk-block-column__content stk-container stk-e8a6c77-container stk--no-background stk--no-padding\"><div class=\"stk-block-content stk-inner-blocks stk-e8a6c77-inner-blocks\">\n<div class=\"wp-block-stackable-card stk-block-card stk-block stk-c99878c is-style-default\" data-v=\"2\" data-block-id=\"c99878c\"><style>.stk-c99878c {border-top-left-radius:20px !important;border-top-right-radius:20px !important;border-bottom-right-radius:20px !important;border-bottom-left-radius:20px !important;overflow:hidden !important;}.stk-c99878c .stk-block-card__content{min-height:205px !important;}.stk-c99878c .stk-block-card__image img{object-position:54% 15% !important;}<\/style><div class=\"stk--no-padding stk-container stk-c99878c-container stk-hover-parent\"><figure class=\"stk-block-card__image stk-img-wrapper stk-image--shape-stretch\"><img decoding=\"async\" class=\"stk-img wp-image-516\" src=\"https:\/\/dreamonmed.com\/wp-content\/uploads\/2024\/02\/dr-bendes-zoltan-facharzt-fur-anasthesie-intensivmedizin.jpg\" width=\"450\" height=\"675\" alt=\"Dr. Bendes Zolt\u00e1n, Facharzt f\u00fcr An\u00e4sthesie und Intensivmedizin\" srcset=\"https:\/\/dreamonmed.com\/wp-content\/uploads\/2024\/02\/dr-bendes-zoltan-facharzt-fur-anasthesie-intensivmedizin.jpg 450w, https:\/\/dreamonmed.com\/wp-content\/uploads\/2024\/02\/dr-bendes-zoltan-facharzt-fur-anasthesie-intensivmedizin-200x300.jpg 200w\" sizes=\"(max-width: 450px) 100vw, 450px\" \/><\/figure><div class=\"stk-container-padding stk-block-card__content\"><div class=\"stk-block-content stk-inner-blocks stk-c99878c-inner-blocks\">\n<div class=\"wp-block-stackable-heading stk-block-heading stk-block-heading--v2 stk-block stk-c782823\" id=\"dr-bendes-zoltan\" data-block-id=\"c782823\"><style>.stk-c782823 .stk-block-heading__text{font-size:25px !important;color:var(--theme-palette-color-2, #CA8A60) !important;}@media screen and (max-width:999px){.stk-c782823 .stk-block-heading__text{font-size:25px !important;}}<\/style><h2 class=\"stk-block-heading__text has-text-color has-text-align-center\">Dr. Bendes Zolt\u00e1n<\/h2><\/div>\n\n\n\n<div class=\"wp-block-stackable-subtitle stk-block-subtitle stk-block stk-d372cb9\" data-block-id=\"d372cb9\"><p class=\"stk-block-subtitle__text stk-subtitle has-text-align-center\">Facharzt f\u00fcr An\u00e4sthesie und Intensivmedizin, Schmerztherapeut<\/p><\/div>\n<\/div><\/div><a class=\"stk-link stk-block-link stk--transparent-overlay\" href=\"https:\/\/dreamonmed.com\/de\/team\/dr-bendes-zoltan-facharzt-fuer-anaesthesie-und-intensivmedizin\/\" aria-hidden=\"true\" tabindex=\"-1\"><\/a><\/div><\/div>\n<\/div><\/div><\/div>\n<\/div><\/div>\n\n\n\n<div class=\"wp-block-stackable-columns stk-block-columns stk-block stk-8957ebd\" data-block-id=\"8957ebd\"><style>.stk-8957ebd {margin-bottom:25px !important;}<\/style><div class=\"stk-row stk-inner-blocks stk-block-content stk-content-align stk-8957ebd-column\">\n<div class=\"wp-block-stackable-column stk-block-column stk-column stk-block stk-9a3a142\" data-v=\"4\" data-block-id=\"9a3a142\"><div class=\"stk-column-wrapper stk-block-column__content stk-container stk-9a3a142-container stk--no-background stk--no-padding\"><div class=\"stk-block-content stk-inner-blocks stk-9a3a142-inner-blocks\">\n<div class=\"wp-block-stackable-card stk-block-card stk-block stk-6aca4b0 is-style-default\" data-v=\"2\" data-block-id=\"6aca4b0\"><style>.stk-6aca4b0 {border-top-left-radius:20px !important;border-top-right-radius:20px !important;border-bottom-right-radius:20px !important;border-bottom-left-radius:20px !important;overflow:hidden !important;}.stk-6aca4b0 .stk-block-card__content{min-height:205px !important;}.stk-6aca4b0 .stk-block-card__image img{object-position:49% 17% !important;}<\/style><div class=\"stk--no-padding stk-container stk-6aca4b0-container stk-hover-parent\"><figure class=\"stk-block-card__image stk-img-wrapper stk-image--shape-stretch\"><img loading=\"lazy\" decoding=\"async\" class=\"stk-img wp-image-522\" src=\"https:\/\/dreamonmed.com\/wp-content\/uploads\/2024\/02\/homor-andrea-geschaftsfuhrerin.jpg\" width=\"450\" height=\"675\" alt=\"Homor Andrea, Gesch\u00e4ftsf\u00fchrerin\" srcset=\"https:\/\/dreamonmed.com\/wp-content\/uploads\/2024\/02\/homor-andrea-geschaftsfuhrerin.jpg 450w, https:\/\/dreamonmed.com\/wp-content\/uploads\/2024\/02\/homor-andrea-geschaftsfuhrerin-200x300.jpg 200w\" sizes=\"(max-width: 450px) 100vw, 450px\" \/><\/figure><div class=\"stk-container-padding stk-block-card__content\"><div class=\"stk-block-content stk-inner-blocks stk-6aca4b0-inner-blocks\">\n<div class=\"wp-block-stackable-heading stk-block-heading stk-block-heading--v2 stk-block stk-0e2d92c\" id=\"homor-andrea\" data-block-id=\"0e2d92c\"><style>.stk-0e2d92c .stk-block-heading__text{font-size:25px !important;color:var(--theme-palette-color-2, #CA8A60) !important;}@media screen and (max-width:999px){.stk-0e2d92c .stk-block-heading__text{font-size:25px !important;}}<\/style><h2 class=\"stk-block-heading__text has-text-color has-text-align-center\">Homor Andrea<\/h2><\/div>\n\n\n\n<div class=\"wp-block-stackable-subtitle stk-block-subtitle stk-block stk-186d555\" data-block-id=\"186d555\"><p class=\"stk-block-subtitle__text stk-subtitle has-text-align-center\">Gesch\u00e4ftsf\u00fchrerin<\/p><\/div>\n<\/div><\/div><\/div><\/div>\n<\/div><\/div><\/div>\n\n\n\n<div class=\"wp-block-stackable-column stk-block-column stk-column stk-block stk-ebfc79e\" data-v=\"4\" data-block-id=\"ebfc79e\"><div class=\"stk-column-wrapper stk-block-column__content stk-container stk-ebfc79e-container stk--no-background stk--no-padding\"><div class=\"stk-block-content stk-inner-blocks stk-ebfc79e-inner-blocks\">\n<div class=\"wp-block-stackable-card stk-block-card stk-block stk-ffd03c6 is-style-default\" data-v=\"2\" data-block-id=\"ffd03c6\"><style>.stk-ffd03c6 {border-top-left-radius:20px !important;border-top-right-radius:20px !important;border-bottom-right-radius:20px !important;border-bottom-left-radius:20px !important;overflow:hidden !important;}.stk-ffd03c6 .stk-block-card__content{min-height:178px !important;}.stk-ffd03c6 .stk-block-card__image img{object-position:51% 14.000000000000002% !important;}<\/style><div class=\"stk--no-padding stk-container stk-ffd03c6-container stk-hover-parent\"><figure class=\"stk-block-card__image stk-img-wrapper stk-image--shape-stretch\"><img loading=\"lazy\" decoding=\"async\" class=\"stk-img wp-image-525\" src=\"https:\/\/dreamonmed.com\/wp-content\/uploads\/2024\/02\/rozsonits-edit-anasthesie-assistentin.jpg\" width=\"450\" height=\"675\" alt=\"Rozsonits Edit, An\u00e4sthesie-Assistentin\" srcset=\"https:\/\/dreamonmed.com\/wp-content\/uploads\/2024\/02\/rozsonits-edit-anasthesie-assistentin.jpg 450w, https:\/\/dreamonmed.com\/wp-content\/uploads\/2024\/02\/rozsonits-edit-anasthesie-assistentin-200x300.jpg 200w\" sizes=\"(max-width: 450px) 100vw, 450px\" \/><\/figure><div class=\"stk-container-padding stk-block-card__content\"><div class=\"stk-block-content stk-inner-blocks stk-ffd03c6-inner-blocks\">\n<div class=\"wp-block-stackable-heading stk-block-heading stk-block-heading--v2 stk-block stk-014415f\" id=\"rozsonits-edit\" data-block-id=\"014415f\"><style>.stk-014415f .stk-block-heading__text{font-size:25px !important;color:var(--theme-palette-color-2, #CA8A60) !important;}@media screen and (max-width:999px){.stk-014415f .stk-block-heading__text{font-size:25px !important;}}<\/style><h2 class=\"stk-block-heading__text has-text-color has-text-align-center\">Rozsonits Edit<\/h2><\/div>\n\n\n\n<div class=\"wp-block-stackable-subtitle stk-block-subtitle stk-block stk-a31dd4b\" data-block-id=\"a31dd4b\"><p class=\"stk-block-subtitle__text stk-subtitle has-text-align-center\">An\u00e4sthesie-Assistentin<\/p><\/div>\n<\/div><\/div><\/div><\/div>\n<\/div><\/div><\/div>\n\n\n\n<div class=\"wp-block-stackable-column stk-block-column stk-column stk-block stk-cc216f8\" data-v=\"4\" data-block-id=\"cc216f8\"><div class=\"stk-column-wrapper stk-block-column__content stk-container stk-cc216f8-container stk--no-background stk--no-padding\"><div class=\"stk-block-content stk-inner-blocks stk-cc216f8-inner-blocks\">\n<div class=\"wp-block-stackable-card stk-block-card stk-block stk-2c4c8e0 is-style-default\" data-v=\"2\" data-block-id=\"2c4c8e0\"><style>.stk-2c4c8e0 {border-top-left-radius:20px !important;border-top-right-radius:20px !important;border-bottom-right-radius:20px !important;border-bottom-left-radius:20px !important;overflow:hidden !important;}.stk-2c4c8e0 .stk-block-card__content{min-height:178px !important;}.stk-2c4c8e0 .stk-block-card__image img{object-position:49% 14.000000000000002% !important;}<\/style><div class=\"stk--no-padding stk-container stk-2c4c8e0-container stk-hover-parent\"><figure class=\"stk-block-card__image stk-img-wrapper stk-image--shape-stretch\"><img loading=\"lazy\" decoding=\"async\" class=\"stk-img wp-image-528\" src=\"https:\/\/dreamonmed.com\/wp-content\/uploads\/2024\/02\/schmuck-zsuzsa-op-schwester.jpg\" width=\"450\" height=\"675\" alt=\"Schmuck Zsuzsa, OP- Schwester\" srcset=\"https:\/\/dreamonmed.com\/wp-content\/uploads\/2024\/02\/schmuck-zsuzsa-op-schwester.jpg 450w, https:\/\/dreamonmed.com\/wp-content\/uploads\/2024\/02\/schmuck-zsuzsa-op-schwester-200x300.jpg 200w\" sizes=\"(max-width: 450px) 100vw, 450px\" \/><\/figure><div class=\"stk-container-padding stk-block-card__content\"><div class=\"stk-block-content stk-inner-blocks stk-2c4c8e0-inner-blocks\">\n<div class=\"wp-block-stackable-heading stk-block-heading stk-block-heading--v2 stk-block stk-b66cb66\" id=\"schmuck-zsuzsa\" data-block-id=\"b66cb66\"><style>.stk-b66cb66 .stk-block-heading__text{font-size:25px !important;color:var(--theme-palette-color-2, #CA8A60) !important;}@media screen and (max-width:999px){.stk-b66cb66 .stk-block-heading__text{font-size:25px !important;}}<\/style><h2 class=\"stk-block-heading__text has-text-color has-text-align-center\">Schmuck Zsuzsa<\/h2><\/div>\n\n\n\n<div class=\"wp-block-stackable-subtitle stk-block-subtitle stk-block stk-2f56097\" data-block-id=\"2f56097\"><p class=\"stk-block-subtitle__text stk-subtitle has-text-align-center\">OP- Schwester<\/p><\/div>\n<\/div><\/div><\/div><\/div>\n<\/div><\/div><\/div>\n<\/div><\/div>\n\n\n\n<div class=\"wp-block-stackable-columns stk-block-columns stk-block stk-0cf83ee\" data-block-id=\"0cf83ee\"><style>.stk-0cf83ee {margin-bottom:25px !important;}<\/style><div class=\"stk-row stk-inner-blocks stk-block-content stk-content-align stk-0cf83ee-column\">\n<div class=\"wp-block-stackable-column stk-block-column stk-column stk-block stk-204e511\" data-v=\"4\" data-block-id=\"204e511\"><div class=\"stk-column-wrapper stk-block-column__content stk-container stk-204e511-container stk--no-background stk--no-padding\"><div class=\"stk-block-content stk-inner-blocks stk-204e511-inner-blocks\">\n<div class=\"wp-block-stackable-card stk-block-card stk-block stk-fabc65d is-style-default\" data-v=\"2\" data-block-id=\"fabc65d\"><style>.stk-fabc65d {border-top-left-radius:20px !important;border-top-right-radius:20px !important;border-bottom-right-radius:20px !important;border-bottom-left-radius:20px !important;overflow:hidden !important;}.stk-fabc65d .stk-block-card__content{min-height:181px !important;}.stk-fabc65d .stk-block-card__image img{object-position:48% 14.000000000000002% !important;}<\/style><div class=\"stk--no-padding stk-container stk-fabc65d-container stk-hover-parent\"><figure class=\"stk-block-card__image stk-img-wrapper stk-image--shape-stretch\"><img loading=\"lazy\" decoding=\"async\" class=\"stk-img wp-image-513\" src=\"https:\/\/dreamonmed.com\/wp-content\/uploads\/2024\/02\/bognar-zoltan-gesundheitspflege-assistent.jpg\" width=\"450\" height=\"675\" alt=\"Gesundheitspflege Assistent\" srcset=\"https:\/\/dreamonmed.com\/wp-content\/uploads\/2024\/02\/bognar-zoltan-gesundheitspflege-assistent.jpg 450w, https:\/\/dreamonmed.com\/wp-content\/uploads\/2024\/02\/bognar-zoltan-gesundheitspflege-assistent-200x300.jpg 200w\" sizes=\"(max-width: 450px) 100vw, 450px\" \/><\/figure><div class=\"stk-container-padding stk-block-card__content\"><div class=\"stk-block-content stk-inner-blocks stk-fabc65d-inner-blocks\">\n<div class=\"wp-block-stackable-heading stk-block-heading stk-block-heading--v2 stk-block stk-f58e0ad\" id=\"bognar-zoltan\" data-block-id=\"f58e0ad\"><style>.stk-f58e0ad .stk-block-heading__text{font-size:25px !important;color:var(--theme-palette-color-2, #CA8A60) !important;}@media screen and (max-width:999px){.stk-f58e0ad .stk-block-heading__text{font-size:25px !important;}}<\/style><h2 class=\"stk-block-heading__text has-text-color has-text-align-center\">Bogn\u00e1r Zolt\u00e1n<\/h2><\/div>\n\n\n\n<div class=\"wp-block-stackable-subtitle stk-block-subtitle stk-block stk-fbed0c4\" data-block-id=\"fbed0c4\"><p class=\"stk-block-subtitle__text stk-subtitle has-text-align-center\">Gesundheitspflege Assistent<\/p><\/div>\n<\/div><\/div><\/div><\/div>\n<\/div><\/div><\/div>\n\n\n\n<div class=\"wp-block-stackable-column stk-block-column stk-column stk-block stk-a4267ff\" data-v=\"4\" data-block-id=\"a4267ff\"><div class=\"stk-column-wrapper stk-block-column__content stk-container stk-a4267ff-container stk--no-background stk--no-padding\"><div class=\"stk-block-content stk-inner-blocks stk-a4267ff-inner-blocks\">\n<div class=\"wp-block-stackable-card stk-block-card stk-block stk-304279b is-style-default\" data-v=\"2\" data-block-id=\"304279b\"><style>.stk-304279b {border-top-left-radius:20px !important;border-top-right-radius:20px !important;border-bottom-right-radius:20px !important;border-bottom-left-radius:20px !important;overflow:hidden !important;}.stk-304279b .stk-block-card__content{min-height:178px !important;}.stk-304279b .stk-block-card__image img{object-position:46% 16% !important;}<\/style><div class=\"stk--no-padding stk-container stk-304279b-container stk-hover-parent\"><figure class=\"stk-block-card__image stk-img-wrapper stk-image--shape-stretch\"><img loading=\"lazy\" decoding=\"async\" class=\"stk-img wp-image-519\" src=\"https:\/\/dreamonmed.com\/wp-content\/uploads\/2024\/02\/finta-kriszta-krankenpflegerin.jpg\" width=\"450\" height=\"675\" alt=\"Finta Kriszta, Dream On Med plasztika\" srcset=\"https:\/\/dreamonmed.com\/wp-content\/uploads\/2024\/02\/finta-kriszta-krankenpflegerin.jpg 450w, https:\/\/dreamonmed.com\/wp-content\/uploads\/2024\/02\/finta-kriszta-krankenpflegerin-200x300.jpg 200w\" sizes=\"(max-width: 450px) 100vw, 450px\" \/><\/figure><div class=\"stk-container-padding stk-block-card__content\"><div class=\"stk-block-content stk-inner-blocks stk-304279b-inner-blocks\">\n<div class=\"wp-block-stackable-heading stk-block-heading stk-block-heading--v2 stk-block stk-193c93a\" id=\"finta-kriszta\" data-block-id=\"193c93a\"><style>.stk-193c93a .stk-block-heading__text{font-size:25px !important;color:var(--theme-palette-color-2, #CA8A60) !important;}@media screen and (max-width:999px){.stk-193c93a .stk-block-heading__text{font-size:25px !important;}}<\/style><h2 class=\"stk-block-heading__text has-text-color has-text-align-center\">Finta Kriszta<\/h2><\/div>\n\n\n\n<div class=\"wp-block-stackable-subtitle stk-block-subtitle stk-block stk-81741f4\" data-block-id=\"81741f4\"><p class=\"stk-block-subtitle__text stk-subtitle has-text-align-center\">Krankenpflegerin<\/p><\/div>\n<\/div><\/div><\/div><\/div>\n<\/div><\/div><\/div>\n\n\n\n<div class=\"wp-block-stackable-column stk-block-column stk-column stk-block stk-2c79bbe\" data-v=\"4\" data-block-id=\"2c79bbe\"><div class=\"stk-column-wrapper stk-block-column__content stk-container stk-2c79bbe-container stk--no-background stk--no-padding\"><div class=\"stk-block-content stk-inner-blocks stk-2c79bbe-inner-blocks\"><\/div><\/div><\/div>\n<\/div><\/div>\n\n\n\n<p><\/p>\n","protected":false},"excerpt":{"rendered":"<p>Adj. Dr. G\u00f6rcsi J\u00e1nos Facharzt f\u00fcr chirurgie, \u00e4sthetik und plastische chirurgie und verbrennungschirurgie Dr. S\u00e1rv\u00e1ri Katalin Fach\u00e4rztin f\u00fcr Chirurgie und Gef\u00e4\u00dfchirurgie Dr. Bendes Zolt\u00e1n Facharzt f\u00fcr An\u00e4sthesie und Intensivmedizin, Schmerztherapeut Homor Andrea Gesch\u00e4ftsf\u00fchrerin Rozsonits Edit An\u00e4sthesie-Assistentin Schmuck Zsuzsa OP- Schwester Bogn\u00e1r Zolt\u00e1n Gesundheitspflege Assistent Finta Kriszta Krankenpflegerin<\/p>\n","protected":false},"author":1,"featured_media":483,"parent":0,"menu_order":0,"comment_status":"closed","ping_status":"closed","template":"","meta":{"footnotes":""},"class_list":["post-1299","page","type-page","status-publish","has-post-thumbnail","hentry"],"blocksy_meta":[],"_links":{"self":[{"href":"https:\/\/dreamonmed.com\/de\/wp-json\/wp\/v2\/pages\/1299","targetHints":{"allow":["GET"]}}],"collection":[{"href":"https:\/\/dreamonmed.com\/de\/wp-json\/wp\/v2\/pages"}],"about":[{"href":"https:\/\/dreamonmed.com\/de\/wp-json\/wp\/v2\/types\/page"}],"author":[{"embeddable":true,"href":"https:\/\/dreamonmed.com\/de\/wp-json\/wp\/v2\/users\/1"}],"replies":[{"embeddable":true,"href":"https:\/\/dreamonmed.com\/de\/wp-json\/wp\/v2\/comments?post=1299"}],"version-history":[{"count":0,"href":"https:\/\/dreamonmed.com\/de\/wp-json\/wp\/v2\/pages\/1299\/revisions"}],"wp:featuredmedia":[{"embeddable":true,"href":"https:\/\/dreamonmed.com\/de\/wp-json\/wp\/v2\/media\/483"}],"wp:attachment":[{"href":"https:\/\/dreamonmed.com\/de\/wp-json\/wp\/v2\/media?parent=1299"}],"curies":[{"name":"wp","href":"https:\/\/api.w.org\/{rel}","templated":true}]}}